{"id":2843,"date":"2023-07-23T19:16:50","date_gmt":"2023-07-23T17:16:51","guid":{"rendered":"https:\/\/maola.pl\/?post_type=product&#038;p=2843"},"modified":"2023-08-21T14:13:29","modified_gmt":"2023-08-21T12:13:29","slug":"silver-earrings-wave-long-kopia-kopia","status":"publish","type":"product","link":"https:\/\/maola.pl\/en\/shop\/product\/silver-earrings-wave-long-kopia-kopia\/","title":{"rendered":"GOLD WAVE EARRINGS"},"content":{"rendered":"<p class=\"\">SILVER WAVE COLLECTION is made not just for surfers or people who love the sea and ocean.<\/p>\n<p class=\"\">This is jewellery for anybody brave enough to treat life like a wave that you need to catch and float on through life towards personal fulfilment and dreams. Just take what is best for you and live your life to the fullest.<\/p>\n<p class=\"\">Wear this jewellery to remind yourself that life is a wave and you make of it want you want.<\/p>\n<p>Life\u2019s a wave, catch it!<\/p>\n<p>Environmentally friendly product.<br \/>\nThe packaging is made of FSC\u00ae certified paper, water-based glue, satin handle.<br \/>\nThe FSC\u00ae certificate guarantees that the materials used come from responsible forest management, which means that no more trees are cut than the forest can reproduce.<\/p>\n<p>INSPIRED BY NATURE<\/p>\n","protected":false},"excerpt":{"rendered":"<p>GOLD WAVE COLLECTION<br \/>\nGold plated earrings made of high quality 925 sterling silver<br \/>\nTwo layers of gold.<br \/>\nWave-shaped earring.<\/p>\n<p>Type: stud earring<br \/>\nWidth &#8211; 10mm<br \/>\nHeight &#8211; 7mm<\/p>\n<p>Packed in an elegant box with the MAOLA logo.<\/p>\n<p>Eco friendly &#8211; environmentally friendly product.<br \/>\nFSC\u00ae \/ FSC Mix certified<\/p>\n","protected":false},"featured_media":2846,"comment_status":"closed","ping_status":"closed","template":"","meta":[],"product_brand":[],"product_cat":[171],"product_tag":[],"class_list":{"0":"post-2843","1":"product","2":"type-product","3":"status-publish","4":"has-post-thumbnail","6":"product_cat-earrings","8":"first","9":"outofstock","10":"shipping-taxable","11":"purchasable","12":"product-type-simple"},"yoast_head":"<!-- This site is optimized with the Yoast SEO plugin v24.8.1 - https:\/\/yoast.com\/wordpress\/plugins\/seo\/ -->\n<title>GOLD WAVE EARRINGS - Bi\u017cuteria dla surfer\u00f3w - MAOLA<\/title>\n<meta name=\"robots\" content=\"index, follow, max-snippet:-1, max-image-preview:large, max-video-preview:-1\" \/>\n<link rel=\"canonical\" href=\"https:\/\/maola.pl\/shop\/product\/zlote-kolczyki-fala\/\" \/>\n<meta property=\"og:locale\" content=\"en_US\" \/>\n<meta property=\"og:type\" content=\"article\" \/>\n<meta property=\"og:title\" content=\"GOLD WAVE EARRINGS - Bi\u017cuteria dla surfer\u00f3w - MAOLA\" \/>\n<meta property=\"og:description\" content=\"GOLD WAVE COLLECTION Gold plated earrings made of high quality 925 sterling silver Two layers of gold. Wave-shaped earring.  Type: stud earring Width - 10mm Height - 7mm  Packed in an elegant box with the MAOLA logo.  Eco friendly - environmentally friendly product. FSC\u00ae \/ FSC Mix certified\" \/>\n<meta property=\"og:url\" content=\"https:\/\/maola.pl\/shop\/product\/zlote-kolczyki-fala\/\" \/>\n<meta property=\"og:site_name\" content=\"MAOLA\" \/>\n<meta property=\"article:modified_time\" content=\"2023-08-21T12:13:29+00:00\" \/>\n<meta property=\"og:image\" content=\"https:\/\/maola.pl\/wp-content\/uploads\/2023\/07\/IMG_0349-scaled.jpg\" \/>\n\t<meta property=\"og:image:width\" content=\"2560\" \/>\n\t<meta property=\"og:image:height\" content=\"2560\" \/>\n\t<meta property=\"og:image:type\" content=\"image\/jpeg\" \/>\n<meta name=\"twitter:card\" content=\"summary_large_image\" \/>\n<meta name=\"twitter:label1\" content=\"Est. reading time\" \/>\n\t<meta name=\"twitter:data1\" content=\"1 minute\" \/>\n<script type=\"application\/ld+json\" class=\"yoast-schema-graph\">{\"@context\":\"https:\/\/schema.org\",\"@graph\":[{\"@type\":\"WebPage\",\"@id\":\"https:\/\/maola.pl\/shop\/product\/zlote-kolczyki-fala\/\",\"url\":\"https:\/\/maola.pl\/shop\/product\/zlote-kolczyki-fala\/\",\"name\":\"GOLD WAVE EARRINGS - Bi\u017cuteria dla surfer\u00f3w - MAOLA\",\"isPartOf\":{\"@id\":\"https:\/\/maola.pl\/#website\"},\"primaryImageOfPage\":{\"@id\":\"https:\/\/maola.pl\/shop\/product\/zlote-kolczyki-fala\/#primaryimage\"},\"image\":{\"@id\":\"https:\/\/maola.pl\/shop\/product\/zlote-kolczyki-fala\/#primaryimage\"},\"thumbnailUrl\":\"https:\/\/maola.pl\/wp-content\/uploads\/2023\/07\/IMG_0349-scaled.jpg\",\"datePublished\":\"2023-07-23T17:16:51+00:00\",\"dateModified\":\"2023-08-21T12:13:29+00:00\",\"breadcrumb\":{\"@id\":\"https:\/\/maola.pl\/shop\/product\/zlote-kolczyki-fala\/#breadcrumb\"},\"inLanguage\":\"en-US\",\"potentialAction\":[{\"@type\":\"ReadAction\",\"target\":[\"https:\/\/maola.pl\/shop\/product\/zlote-kolczyki-fala\/\"]}]},{\"@type\":\"ImageObject\",\"inLanguage\":\"en-US\",\"@id\":\"https:\/\/maola.pl\/shop\/product\/zlote-kolczyki-fala\/#primaryimage\",\"url\":\"https:\/\/maola.pl\/wp-content\/uploads\/2023\/07\/IMG_0349-scaled.jpg\",\"contentUrl\":\"https:\/\/maola.pl\/wp-content\/uploads\/2023\/07\/IMG_0349-scaled.jpg\",\"width\":2560,\"height\":2560},{\"@type\":\"BreadcrumbList\",\"@id\":\"https:\/\/maola.pl\/shop\/product\/zlote-kolczyki-fala\/#breadcrumb\",\"itemListElement\":[{\"@type\":\"ListItem\",\"position\":1,\"name\":\"Strona g\u0142\u00f3wna\",\"item\":\"https:\/\/maola.pl\/en\/\"},{\"@type\":\"ListItem\",\"position\":2,\"name\":\"Shop\",\"item\":\"https:\/\/maola.pl\/en\/shop\/\"},{\"@type\":\"ListItem\",\"position\":3,\"name\":\"GOLD WAVE EARRINGS\"}]},{\"@type\":\"WebSite\",\"@id\":\"https:\/\/maola.pl\/#website\",\"url\":\"https:\/\/maola.pl\/\",\"name\":\"MAOLA\",\"description\":\"Bi\u017cuteria MAOLA. Naszyjniki, Bransoletki, Breloczki. Z mi\u0142o\u015bci do surfingu i pasji do projektowania. Prostota, subtelno\u015b\u0107 i najlepszej jako\u015bci naturalne materia\u0142y.\",\"publisher\":{\"@id\":\"https:\/\/maola.pl\/#\/schema\/person\/a24d2c6a6acce1d67e6e4bdf25befdd8\"},\"potentialAction\":[{\"@type\":\"SearchAction\",\"target\":{\"@type\":\"EntryPoint\",\"urlTemplate\":\"https:\/\/maola.pl\/?s={search_term_string}\"},\"query-input\":{\"@type\":\"PropertyValueSpecification\",\"valueRequired\":true,\"valueName\":\"search_term_string\"}}],\"inLanguage\":\"en-US\"},{\"@type\":[\"Person\",\"Organization\"],\"@id\":\"https:\/\/maola.pl\/#\/schema\/person\/a24d2c6a6acce1d67e6e4bdf25befdd8\",\"name\":\"maola\",\"image\":{\"@type\":\"ImageObject\",\"inLanguage\":\"en-US\",\"@id\":\"https:\/\/maola.pl\/#\/schema\/person\/image\/\",\"url\":\"https:\/\/secure.gravatar.com\/avatar\/c3bf37973febfb7800712dcc28223c45?s=96&d=blank&r=g\",\"contentUrl\":\"https:\/\/secure.gravatar.com\/avatar\/c3bf37973febfb7800712dcc28223c45?s=96&d=blank&r=g\",\"caption\":\"maola\"},\"logo\":{\"@id\":\"https:\/\/maola.pl\/#\/schema\/person\/image\/\"}}]}<\/script>\n<!-- \/ Yoast SEO plugin. -->","yoast_head_json":{"title":"GOLD WAVE EARRINGS - Bi\u017cuteria dla surfer\u00f3w - MAOLA","robots":{"index":"index","follow":"follow","max-snippet":"max-snippet:-1","max-image-preview":"max-image-preview:large","max-video-preview":"max-video-preview:-1"},"canonical":"https:\/\/maola.pl\/shop\/product\/zlote-kolczyki-fala\/","og_locale":"en_US","og_type":"article","og_title":"GOLD WAVE EARRINGS - Bi\u017cuteria dla surfer\u00f3w - MAOLA","og_description":"GOLD WAVE COLLECTION Gold plated earrings made of high quality 925 sterling silver Two layers of gold. Wave-shaped earring.  Type: stud earring Width - 10mm Height - 7mm  Packed in an elegant box with the MAOLA logo.  Eco friendly - environmentally friendly product. FSC\u00ae \/ FSC Mix certified","og_url":"https:\/\/maola.pl\/shop\/product\/zlote-kolczyki-fala\/","og_site_name":"MAOLA","article_modified_time":"2023-08-21T12:13:29+00:00","og_image":[{"width":2560,"height":2560,"url":"https:\/\/maola.pl\/wp-content\/uploads\/2023\/07\/IMG_0349-scaled.jpg","type":"image\/jpeg"}],"twitter_card":"summary_large_image","twitter_misc":{"Est. reading time":"1 minute"},"schema":{"@context":"https:\/\/schema.org","@graph":[{"@type":"WebPage","@id":"https:\/\/maola.pl\/shop\/product\/zlote-kolczyki-fala\/","url":"https:\/\/maola.pl\/shop\/product\/zlote-kolczyki-fala\/","name":"GOLD WAVE EARRINGS - Bi\u017cuteria dla surfer\u00f3w - MAOLA","isPartOf":{"@id":"https:\/\/maola.pl\/#website"},"primaryImageOfPage":{"@id":"https:\/\/maola.pl\/shop\/product\/zlote-kolczyki-fala\/#primaryimage"},"image":{"@id":"https:\/\/maola.pl\/shop\/product\/zlote-kolczyki-fala\/#primaryimage"},"thumbnailUrl":"https:\/\/maola.pl\/wp-content\/uploads\/2023\/07\/IMG_0349-scaled.jpg","datePublished":"2023-07-23T17:16:51+00:00","dateModified":"2023-08-21T12:13:29+00:00","breadcrumb":{"@id":"https:\/\/maola.pl\/shop\/product\/zlote-kolczyki-fala\/#breadcrumb"},"inLanguage":"en-US","potentialAction":[{"@type":"ReadAction","target":["https:\/\/maola.pl\/shop\/product\/zlote-kolczyki-fala\/"]}]},{"@type":"ImageObject","inLanguage":"en-US","@id":"https:\/\/maola.pl\/shop\/product\/zlote-kolczyki-fala\/#primaryimage","url":"https:\/\/maola.pl\/wp-content\/uploads\/2023\/07\/IMG_0349-scaled.jpg","contentUrl":"https:\/\/maola.pl\/wp-content\/uploads\/2023\/07\/IMG_0349-scaled.jpg","width":2560,"height":2560},{"@type":"BreadcrumbList","@id":"https:\/\/maola.pl\/shop\/product\/zlote-kolczyki-fala\/#breadcrumb","itemListElement":[{"@type":"ListItem","position":1,"name":"Strona g\u0142\u00f3wna","item":"https:\/\/maola.pl\/en\/"},{"@type":"ListItem","position":2,"name":"Shop","item":"https:\/\/maola.pl\/en\/shop\/"},{"@type":"ListItem","position":3,"name":"GOLD WAVE EARRINGS"}]},{"@type":"WebSite","@id":"https:\/\/maola.pl\/#website","url":"https:\/\/maola.pl\/","name":"MAOLA","description":"Bi\u017cuteria MAOLA. Naszyjniki, Bransoletki, Breloczki. Z mi\u0142o\u015bci do surfingu i pasji do projektowania. Prostota, subtelno\u015b\u0107 i najlepszej jako\u015bci naturalne materia\u0142y.","publisher":{"@id":"https:\/\/maola.pl\/#\/schema\/person\/a24d2c6a6acce1d67e6e4bdf25befdd8"},"potentialAction":[{"@type":"SearchAction","target":{"@type":"EntryPoint","urlTemplate":"https:\/\/maola.pl\/?s={search_term_string}"},"query-input":{"@type":"PropertyValueSpecification","valueRequired":true,"valueName":"search_term_string"}}],"inLanguage":"en-US"},{"@type":["Person","Organization"],"@id":"https:\/\/maola.pl\/#\/schema\/person\/a24d2c6a6acce1d67e6e4bdf25befdd8","name":"maola","image":{"@type":"ImageObject","inLanguage":"en-US","@id":"https:\/\/maola.pl\/#\/schema\/person\/image\/","url":"https:\/\/secure.gravatar.com\/avatar\/c3bf37973febfb7800712dcc28223c45?s=96&d=blank&r=g","contentUrl":"https:\/\/secure.gravatar.com\/avatar\/c3bf37973febfb7800712dcc28223c45?s=96&d=blank&r=g","caption":"maola"},"logo":{"@id":"https:\/\/maola.pl\/#\/schema\/person\/image\/"}}]}},"jetpack_sharing_enabled":true,"_links":{"self":[{"href":"https:\/\/maola.pl\/en\/wp-json\/wp\/v2\/product\/2843","targetHints":{"allow":["GET"]}}],"collection":[{"href":"https:\/\/maola.pl\/en\/wp-json\/wp\/v2\/product"}],"about":[{"href":"https:\/\/maola.pl\/en\/wp-json\/wp\/v2\/types\/product"}],"replies":[{"embeddable":true,"href":"https:\/\/maola.pl\/en\/wp-json\/wp\/v2\/comments?post=2843"}],"wp:featuredmedia":[{"embeddable":true,"href":"https:\/\/maola.pl\/en\/wp-json\/wp\/v2\/media\/2846"}],"wp:attachment":[{"href":"https:\/\/maola.pl\/en\/wp-json\/wp\/v2\/media?parent=2843"}],"wp:term":[{"taxonomy":"product_brand","embeddable":true,"href":"https:\/\/maola.pl\/en\/wp-json\/wp\/v2\/product_brand?post=2843"},{"taxonomy":"product_cat","embeddable":true,"href":"https:\/\/maola.pl\/en\/wp-json\/wp\/v2\/product_cat?post=2843"},{"taxonomy":"product_tag","embeddable":true,"href":"https:\/\/maola.pl\/en\/wp-json\/wp\/v2\/product_tag?post=2843"}],"curies":[{"name":"wp","href":"https:\/\/api.w.org\/{rel}","templated":true}]}}