{"id":2667,"date":"2022-11-18T12:36:50","date_gmt":"2022-11-18T10:36:52","guid":{"rendered":"https:\/\/maola.pl\/?post_type=product&#038;p=2667"},"modified":"2023-01-31T12:32:26","modified_gmt":"2023-01-31T10:32:26","slug":"bracelet-wood-recykled","status":"publish","type":"product","link":"https:\/\/maola.pl\/en\/shop\/product\/bracelet-wood-recykled\/","title":{"rendered":"BRACELET WOOD RECYKLED"},"content":{"rendered":"<p>The bracelet comes with a special bead showing MAOLA logo. The MAOLA bead is made of recycled plastic bottles.<br \/>\nBeads on a silicone string.<br \/>\nThe bracelet and the beads are handmade so each MAOLA piece may vary.<\/p>\n<p>3R \u2013 Reduce, Reuse, Recycle.<\/p>\n<p>INSPIRED BY NATURE<\/p>\n","protected":false},"excerpt":{"rendered":"<p>I\u2019M RECYCLED COLLECTION<\/p>\n<p>Bracelet made of exotic wood.<br \/>\nWhite MAOLA bead made of recycled plastic bottles.<\/p>\n<p>By using recycled materials, we want to contribute to environmental protection, but also draw attention to the problem of littering.<\/p>\n<p>Proximity to nature and positive impact on people.<br \/>\nA wooden bracelet is a timeless character, durability and elegance combined with an ecological addition.<\/p>\n<p>INSPIRED BY NATURE<\/p>\n<p>Packaged in an elegant box showing MAOLA logo.<br \/>\nEco friendly &#8211; eco friendly product.<br \/>\nFSC\u00ae \/ FSC Mix certified.<\/p>\n","protected":false},"featured_media":2674,"comment_status":"closed","ping_status":"closed","template":"","meta":[],"product_brand":[],"product_cat":[114,168],"product_tag":[],"class_list":{"0":"post-2667","1":"product","2":"type-product","3":"status-publish","4":"has-post-thumbnail","6":"product_cat-for-him","7":"product_cat-recycled-bracelets","9":"first","10":"instock","11":"shipping-taxable","12":"purchasable","13":"product-type-variable"},"yoast_head":"<!-- This site is optimized with the Yoast SEO plugin v24.8.1 - https:\/\/yoast.com\/wordpress\/plugins\/seo\/ -->\n<title>BRACELET WOOD RECYKLED - Bi\u017cuteria dla surfer\u00f3w - MAOLA<\/title>\n<meta name=\"robots\" content=\"index, follow, max-snippet:-1, max-image-preview:large, max-video-preview:-1\" \/>\n<link rel=\"canonical\" href=\"https:\/\/maola.pl\/en\/shop\/product\/bracelet-wood-recykled\/\" \/>\n<meta property=\"og:locale\" content=\"en_US\" \/>\n<meta property=\"og:type\" content=\"article\" \/>\n<meta property=\"og:title\" content=\"BRACELET WOOD RECYKLED - Bi\u017cuteria dla surfer\u00f3w - MAOLA\" \/>\n<meta property=\"og:description\" content=\"I\u2019M RECYCLED COLLECTION  Bracelet made of exotic wood. White MAOLA bead made of recycled plastic bottles.  By using recycled materials, we want to contribute to environmental protection, but also draw attention to the problem of littering.  Proximity to nature and positive impact on people. A wooden bracelet is a timeless character, durability and elegance combined with an ecological addition.  INSPIRED BY NATURE  Packaged in an elegant box showing MAOLA logo. Eco friendly - eco friendly product. FSC\u00ae \/ FSC Mix certified.\" \/>\n<meta property=\"og:url\" content=\"https:\/\/maola.pl\/en\/shop\/product\/bracelet-wood-recykled\/\" \/>\n<meta property=\"og:site_name\" content=\"MAOLA\" \/>\n<meta property=\"article:modified_time\" content=\"2023-01-31T10:32:26+00:00\" \/>\n<meta property=\"og:image\" content=\"https:\/\/maola.pl\/wp-content\/uploads\/2022\/11\/IMG_9978-scaled.jpg\" \/>\n\t<meta property=\"og:image:width\" content=\"2560\" \/>\n\t<meta property=\"og:image:height\" content=\"1920\" \/>\n\t<meta property=\"og:image:type\" content=\"image\/jpeg\" \/>\n<meta name=\"twitter:card\" content=\"summary_large_image\" \/>\n<script type=\"application\/ld+json\" class=\"yoast-schema-graph\">{\"@context\":\"https:\/\/schema.org\",\"@graph\":[{\"@type\":\"WebPage\",\"@id\":\"https:\/\/maola.pl\/en\/shop\/product\/bracelet-wood-recykled\/\",\"url\":\"https:\/\/maola.pl\/en\/shop\/product\/bracelet-wood-recykled\/\",\"name\":\"BRACELET WOOD RECYKLED - Bi\u017cuteria dla surfer\u00f3w - MAOLA\",\"isPartOf\":{\"@id\":\"https:\/\/maola.pl\/#website\"},\"primaryImageOfPage\":{\"@id\":\"https:\/\/maola.pl\/en\/shop\/product\/bracelet-wood-recykled\/#primaryimage\"},\"image\":{\"@id\":\"https:\/\/maola.pl\/en\/shop\/product\/bracelet-wood-recykled\/#primaryimage\"},\"thumbnailUrl\":\"https:\/\/maola.pl\/wp-content\/uploads\/2022\/11\/IMG_9978-scaled.jpg\",\"datePublished\":\"2022-11-18T10:36:52+00:00\",\"dateModified\":\"2023-01-31T10:32:26+00:00\",\"breadcrumb\":{\"@id\":\"https:\/\/maola.pl\/en\/shop\/product\/bracelet-wood-recykled\/#breadcrumb\"},\"inLanguage\":\"en-US\",\"potentialAction\":[{\"@type\":\"ReadAction\",\"target\":[\"https:\/\/maola.pl\/en\/shop\/product\/bracelet-wood-recykled\/\"]}]},{\"@type\":\"ImageObject\",\"inLanguage\":\"en-US\",\"@id\":\"https:\/\/maola.pl\/en\/shop\/product\/bracelet-wood-recykled\/#primaryimage\",\"url\":\"https:\/\/maola.pl\/wp-content\/uploads\/2022\/11\/IMG_9978-scaled.jpg\",\"contentUrl\":\"https:\/\/maola.pl\/wp-content\/uploads\/2022\/11\/IMG_9978-scaled.jpg\",\"width\":2560,\"height\":1920},{\"@type\":\"BreadcrumbList\",\"@id\":\"https:\/\/maola.pl\/en\/shop\/product\/bracelet-wood-recykled\/#breadcrumb\",\"itemListElement\":[{\"@type\":\"ListItem\",\"position\":1,\"name\":\"Strona g\u0142\u00f3wna\",\"item\":\"https:\/\/maola.pl\/en\/\"},{\"@type\":\"ListItem\",\"position\":2,\"name\":\"Shop\",\"item\":\"https:\/\/maola.pl\/en\/shop\/\"},{\"@type\":\"ListItem\",\"position\":3,\"name\":\"BRACELET WOOD RECYKLED\"}]},{\"@type\":\"WebSite\",\"@id\":\"https:\/\/maola.pl\/#website\",\"url\":\"https:\/\/maola.pl\/\",\"name\":\"MAOLA\",\"description\":\"Bi\u017cuteria MAOLA. Naszyjniki, Bransoletki, Breloczki. Z mi\u0142o\u015bci do surfingu i pasji do projektowania. Prostota, subtelno\u015b\u0107 i najlepszej jako\u015bci naturalne materia\u0142y.\",\"publisher\":{\"@id\":\"https:\/\/maola.pl\/#\/schema\/person\/a24d2c6a6acce1d67e6e4bdf25befdd8\"},\"potentialAction\":[{\"@type\":\"SearchAction\",\"target\":{\"@type\":\"EntryPoint\",\"urlTemplate\":\"https:\/\/maola.pl\/?s={search_term_string}\"},\"query-input\":{\"@type\":\"PropertyValueSpecification\",\"valueRequired\":true,\"valueName\":\"search_term_string\"}}],\"inLanguage\":\"en-US\"},{\"@type\":[\"Person\",\"Organization\"],\"@id\":\"https:\/\/maola.pl\/#\/schema\/person\/a24d2c6a6acce1d67e6e4bdf25befdd8\",\"name\":\"maola\",\"image\":{\"@type\":\"ImageObject\",\"inLanguage\":\"en-US\",\"@id\":\"https:\/\/maola.pl\/#\/schema\/person\/image\/\",\"url\":\"https:\/\/secure.gravatar.com\/avatar\/c3bf37973febfb7800712dcc28223c45?s=96&d=blank&r=g\",\"contentUrl\":\"https:\/\/secure.gravatar.com\/avatar\/c3bf37973febfb7800712dcc28223c45?s=96&d=blank&r=g\",\"caption\":\"maola\"},\"logo\":{\"@id\":\"https:\/\/maola.pl\/#\/schema\/person\/image\/\"}}]}<\/script>\n<!-- \/ Yoast SEO plugin. -->","yoast_head_json":{"title":"BRACELET WOOD RECYKLED - Bi\u017cuteria dla surfer\u00f3w - MAOLA","robots":{"index":"index","follow":"follow","max-snippet":"max-snippet:-1","max-image-preview":"max-image-preview:large","max-video-preview":"max-video-preview:-1"},"canonical":"https:\/\/maola.pl\/en\/shop\/product\/bracelet-wood-recykled\/","og_locale":"en_US","og_type":"article","og_title":"BRACELET WOOD RECYKLED - Bi\u017cuteria dla surfer\u00f3w - MAOLA","og_description":"I\u2019M RECYCLED COLLECTION  Bracelet made of exotic wood. White MAOLA bead made of recycled plastic bottles.  By using recycled materials, we want to contribute to environmental protection, but also draw attention to the problem of littering.  Proximity to nature and positive impact on people. A wooden bracelet is a timeless character, durability and elegance combined with an ecological addition.  INSPIRED BY NATURE  Packaged in an elegant box showing MAOLA logo. Eco friendly - eco friendly product. FSC\u00ae \/ FSC Mix certified.","og_url":"https:\/\/maola.pl\/en\/shop\/product\/bracelet-wood-recykled\/","og_site_name":"MAOLA","article_modified_time":"2023-01-31T10:32:26+00:00","og_image":[{"width":2560,"height":1920,"url":"https:\/\/maola.pl\/wp-content\/uploads\/2022\/11\/IMG_9978-scaled.jpg","type":"image\/jpeg"}],"twitter_card":"summary_large_image","schema":{"@context":"https:\/\/schema.org","@graph":[{"@type":"WebPage","@id":"https:\/\/maola.pl\/en\/shop\/product\/bracelet-wood-recykled\/","url":"https:\/\/maola.pl\/en\/shop\/product\/bracelet-wood-recykled\/","name":"BRACELET WOOD RECYKLED - Bi\u017cuteria dla surfer\u00f3w - MAOLA","isPartOf":{"@id":"https:\/\/maola.pl\/#website"},"primaryImageOfPage":{"@id":"https:\/\/maola.pl\/en\/shop\/product\/bracelet-wood-recykled\/#primaryimage"},"image":{"@id":"https:\/\/maola.pl\/en\/shop\/product\/bracelet-wood-recykled\/#primaryimage"},"thumbnailUrl":"https:\/\/maola.pl\/wp-content\/uploads\/2022\/11\/IMG_9978-scaled.jpg","datePublished":"2022-11-18T10:36:52+00:00","dateModified":"2023-01-31T10:32:26+00:00","breadcrumb":{"@id":"https:\/\/maola.pl\/en\/shop\/product\/bracelet-wood-recykled\/#breadcrumb"},"inLanguage":"en-US","potentialAction":[{"@type":"ReadAction","target":["https:\/\/maola.pl\/en\/shop\/product\/bracelet-wood-recykled\/"]}]},{"@type":"ImageObject","inLanguage":"en-US","@id":"https:\/\/maola.pl\/en\/shop\/product\/bracelet-wood-recykled\/#primaryimage","url":"https:\/\/maola.pl\/wp-content\/uploads\/2022\/11\/IMG_9978-scaled.jpg","contentUrl":"https:\/\/maola.pl\/wp-content\/uploads\/2022\/11\/IMG_9978-scaled.jpg","width":2560,"height":1920},{"@type":"BreadcrumbList","@id":"https:\/\/maola.pl\/en\/shop\/product\/bracelet-wood-recykled\/#breadcrumb","itemListElement":[{"@type":"ListItem","position":1,"name":"Strona g\u0142\u00f3wna","item":"https:\/\/maola.pl\/en\/"},{"@type":"ListItem","position":2,"name":"Shop","item":"https:\/\/maola.pl\/en\/shop\/"},{"@type":"ListItem","position":3,"name":"BRACELET WOOD RECYKLED"}]},{"@type":"WebSite","@id":"https:\/\/maola.pl\/#website","url":"https:\/\/maola.pl\/","name":"MAOLA","description":"Bi\u017cuteria MAOLA. Naszyjniki, Bransoletki, Breloczki. Z mi\u0142o\u015bci do surfingu i pasji do projektowania. Prostota, subtelno\u015b\u0107 i najlepszej jako\u015bci naturalne materia\u0142y.","publisher":{"@id":"https:\/\/maola.pl\/#\/schema\/person\/a24d2c6a6acce1d67e6e4bdf25befdd8"},"potentialAction":[{"@type":"SearchAction","target":{"@type":"EntryPoint","urlTemplate":"https:\/\/maola.pl\/?s={search_term_string}"},"query-input":{"@type":"PropertyValueSpecification","valueRequired":true,"valueName":"search_term_string"}}],"inLanguage":"en-US"},{"@type":["Person","Organization"],"@id":"https:\/\/maola.pl\/#\/schema\/person\/a24d2c6a6acce1d67e6e4bdf25befdd8","name":"maola","image":{"@type":"ImageObject","inLanguage":"en-US","@id":"https:\/\/maola.pl\/#\/schema\/person\/image\/","url":"https:\/\/secure.gravatar.com\/avatar\/c3bf37973febfb7800712dcc28223c45?s=96&d=blank&r=g","contentUrl":"https:\/\/secure.gravatar.com\/avatar\/c3bf37973febfb7800712dcc28223c45?s=96&d=blank&r=g","caption":"maola"},"logo":{"@id":"https:\/\/maola.pl\/#\/schema\/person\/image\/"}}]}},"jetpack_sharing_enabled":true,"_links":{"self":[{"href":"https:\/\/maola.pl\/en\/wp-json\/wp\/v2\/product\/2667","targetHints":{"allow":["GET"]}}],"collection":[{"href":"https:\/\/maola.pl\/en\/wp-json\/wp\/v2\/product"}],"about":[{"href":"https:\/\/maola.pl\/en\/wp-json\/wp\/v2\/types\/product"}],"replies":[{"embeddable":true,"href":"https:\/\/maola.pl\/en\/wp-json\/wp\/v2\/comments?post=2667"}],"wp:featuredmedia":[{"embeddable":true,"href":"https:\/\/maola.pl\/en\/wp-json\/wp\/v2\/media\/2674"}],"wp:attachment":[{"href":"https:\/\/maola.pl\/en\/wp-json\/wp\/v2\/media?parent=2667"}],"wp:term":[{"taxonomy":"product_brand","embeddable":true,"href":"https:\/\/maola.pl\/en\/wp-json\/wp\/v2\/product_brand?post=2667"},{"taxonomy":"product_cat","embeddable":true,"href":"https:\/\/maola.pl\/en\/wp-json\/wp\/v2\/product_cat?post=2667"},{"taxonomy":"product_tag","embeddable":true,"href":"https:\/\/maola.pl\/en\/wp-json\/wp\/v2\/product_tag?post=2667"}],"curies":[{"name":"wp","href":"https:\/\/api.w.org\/{rel}","templated":true}]}}