{"id":2630,"date":"2022-09-27T16:35:29","date_gmt":"2022-09-27T14:35:31","guid":{"rendered":"https:\/\/maola.pl\/?post_type=product&#038;p=2630"},"modified":"2023-01-31T12:29:59","modified_gmt":"2023-01-31T10:29:59","slug":"bracelet-tourmaline-alpaca","status":"publish","type":"product","link":"https:\/\/maola.pl\/en\/shop\/product\/bracelet-tourmaline-alpaca\/","title":{"rendered":"BRACELET TOURMALINE ALPACA"},"content":{"rendered":"<p>The bracelet comes with a special bead showing MAOLA name and logo. The MAOLA bead is made of alpaca (new silver).<br \/>\nBeads on a silicone string.<br \/>\nThe bracelet and the beads are handmade so each MAOLA piece may vary.<\/p>\n<p>3R \u2013 Reduce, Reuse, Recycle.<\/p>\n<p>INSPIRED BY NATURE<\/p>\n","protected":false},"excerpt":{"rendered":"<p>BALANCE COLLECTION<\/p>\n<p>Bracelet made of black tourmaline stones.<\/p>\n<p>A stone that everyone who cares about health and mental balance should have with them.<br \/>\nIt strengthens, heals and cleanses both body and mind.<\/p>\n<p>GIVE YOUR BODY AND MIND A NATURAL BOOST.<\/p>\n<p>Packaged in an elegant box showing MAOLA logo.<br \/>\nEco friendly \u2013 eco friendly product.<br \/>\nCertyfikat FSC\u00ae \/ FSC Mix.<\/p>\n","protected":false},"featured_media":2660,"comment_status":"closed","ping_status":"closed","template":"","meta":[],"product_brand":[],"product_cat":[169,114],"product_tag":[],"class_list":{"0":"post-2630","1":"product","2":"type-product","3":"status-publish","4":"has-post-thumbnail","6":"product_cat-bracelet-tourmaline","7":"product_cat-for-him","9":"first","10":"instock","11":"shipping-taxable","12":"purchasable","13":"product-type-variable"},"yoast_head":"<!-- This site is optimized with the Yoast SEO plugin v24.8.1 - https:\/\/yoast.com\/wordpress\/plugins\/seo\/ -->\n<title>BRACELET TOURMALINE ALPACA - Bi\u017cuteria dla surfer\u00f3w - MAOLA<\/title>\n<meta name=\"robots\" content=\"index, follow, max-snippet:-1, max-image-preview:large, max-video-preview:-1\" \/>\n<link rel=\"canonical\" href=\"https:\/\/maola.pl\/en\/shop\/product\/bracelet-tourmaline-alpaca\/\" \/>\n<meta property=\"og:locale\" content=\"en_US\" \/>\n<meta property=\"og:type\" content=\"article\" \/>\n<meta property=\"og:title\" content=\"BRACELET TOURMALINE ALPACA - Bi\u017cuteria dla surfer\u00f3w - MAOLA\" \/>\n<meta property=\"og:description\" content=\"BALANCE COLLECTION  Bracelet made of black tourmaline stones.  A stone that everyone who cares about health and mental balance should have with them. It strengthens, heals and cleanses both body and mind.  GIVE YOUR BODY AND MIND A NATURAL BOOST.  Packaged in an elegant box showing MAOLA logo. Eco friendly \u2013 eco friendly product. Certyfikat FSC\u00ae \/ FSC Mix.\" \/>\n<meta property=\"og:url\" content=\"https:\/\/maola.pl\/en\/shop\/product\/bracelet-tourmaline-alpaca\/\" \/>\n<meta property=\"og:site_name\" content=\"MAOLA\" \/>\n<meta property=\"article:modified_time\" content=\"2023-01-31T10:29:59+00:00\" \/>\n<meta property=\"og:image\" content=\"https:\/\/maola.pl\/wp-content\/uploads\/2022\/09\/IMG_0983-2-scaled.jpg\" \/>\n\t<meta property=\"og:image:width\" content=\"2560\" \/>\n\t<meta property=\"og:image:height\" content=\"2560\" \/>\n\t<meta property=\"og:image:type\" content=\"image\/jpeg\" \/>\n<meta name=\"twitter:card\" content=\"summary_large_image\" \/>\n<script type=\"application\/ld+json\" class=\"yoast-schema-graph\">{\"@context\":\"https:\/\/schema.org\",\"@graph\":[{\"@type\":\"WebPage\",\"@id\":\"https:\/\/maola.pl\/en\/shop\/product\/bracelet-tourmaline-alpaca\/\",\"url\":\"https:\/\/maola.pl\/en\/shop\/product\/bracelet-tourmaline-alpaca\/\",\"name\":\"BRACELET TOURMALINE ALPACA - Bi\u017cuteria dla surfer\u00f3w - MAOLA\",\"isPartOf\":{\"@id\":\"https:\/\/maola.pl\/#website\"},\"primaryImageOfPage\":{\"@id\":\"https:\/\/maola.pl\/en\/shop\/product\/bracelet-tourmaline-alpaca\/#primaryimage\"},\"image\":{\"@id\":\"https:\/\/maola.pl\/en\/shop\/product\/bracelet-tourmaline-alpaca\/#primaryimage\"},\"thumbnailUrl\":\"https:\/\/maola.pl\/wp-content\/uploads\/2022\/09\/IMG_0983-2-scaled.jpg\",\"datePublished\":\"2022-09-27T14:35:31+00:00\",\"dateModified\":\"2023-01-31T10:29:59+00:00\",\"breadcrumb\":{\"@id\":\"https:\/\/maola.pl\/en\/shop\/product\/bracelet-tourmaline-alpaca\/#breadcrumb\"},\"inLanguage\":\"en-US\",\"potentialAction\":[{\"@type\":\"ReadAction\",\"target\":[\"https:\/\/maola.pl\/en\/shop\/product\/bracelet-tourmaline-alpaca\/\"]}]},{\"@type\":\"ImageObject\",\"inLanguage\":\"en-US\",\"@id\":\"https:\/\/maola.pl\/en\/shop\/product\/bracelet-tourmaline-alpaca\/#primaryimage\",\"url\":\"https:\/\/maola.pl\/wp-content\/uploads\/2022\/09\/IMG_0983-2-scaled.jpg\",\"contentUrl\":\"https:\/\/maola.pl\/wp-content\/uploads\/2022\/09\/IMG_0983-2-scaled.jpg\",\"width\":2560,\"height\":2560},{\"@type\":\"BreadcrumbList\",\"@id\":\"https:\/\/maola.pl\/en\/shop\/product\/bracelet-tourmaline-alpaca\/#breadcrumb\",\"itemListElement\":[{\"@type\":\"ListItem\",\"position\":1,\"name\":\"Strona g\u0142\u00f3wna\",\"item\":\"https:\/\/maola.pl\/en\/\"},{\"@type\":\"ListItem\",\"position\":2,\"name\":\"Shop\",\"item\":\"https:\/\/maola.pl\/en\/shop\/\"},{\"@type\":\"ListItem\",\"position\":3,\"name\":\"BRACELET TOURMALINE ALPACA\"}]},{\"@type\":\"WebSite\",\"@id\":\"https:\/\/maola.pl\/#website\",\"url\":\"https:\/\/maola.pl\/\",\"name\":\"MAOLA\",\"description\":\"Bi\u017cuteria MAOLA. Naszyjniki, Bransoletki, Breloczki. Z mi\u0142o\u015bci do surfingu i pasji do projektowania. Prostota, subtelno\u015b\u0107 i najlepszej jako\u015bci naturalne materia\u0142y.\",\"publisher\":{\"@id\":\"https:\/\/maola.pl\/#\/schema\/person\/a24d2c6a6acce1d67e6e4bdf25befdd8\"},\"potentialAction\":[{\"@type\":\"SearchAction\",\"target\":{\"@type\":\"EntryPoint\",\"urlTemplate\":\"https:\/\/maola.pl\/?s={search_term_string}\"},\"query-input\":{\"@type\":\"PropertyValueSpecification\",\"valueRequired\":true,\"valueName\":\"search_term_string\"}}],\"inLanguage\":\"en-US\"},{\"@type\":[\"Person\",\"Organization\"],\"@id\":\"https:\/\/maola.pl\/#\/schema\/person\/a24d2c6a6acce1d67e6e4bdf25befdd8\",\"name\":\"maola\",\"image\":{\"@type\":\"ImageObject\",\"inLanguage\":\"en-US\",\"@id\":\"https:\/\/maola.pl\/#\/schema\/person\/image\/\",\"url\":\"https:\/\/secure.gravatar.com\/avatar\/c3bf37973febfb7800712dcc28223c45?s=96&d=blank&r=g\",\"contentUrl\":\"https:\/\/secure.gravatar.com\/avatar\/c3bf37973febfb7800712dcc28223c45?s=96&d=blank&r=g\",\"caption\":\"maola\"},\"logo\":{\"@id\":\"https:\/\/maola.pl\/#\/schema\/person\/image\/\"}}]}<\/script>\n<!-- \/ Yoast SEO plugin. -->","yoast_head_json":{"title":"BRACELET TOURMALINE ALPACA - Bi\u017cuteria dla surfer\u00f3w - MAOLA","robots":{"index":"index","follow":"follow","max-snippet":"max-snippet:-1","max-image-preview":"max-image-preview:large","max-video-preview":"max-video-preview:-1"},"canonical":"https:\/\/maola.pl\/en\/shop\/product\/bracelet-tourmaline-alpaca\/","og_locale":"en_US","og_type":"article","og_title":"BRACELET TOURMALINE ALPACA - Bi\u017cuteria dla surfer\u00f3w - MAOLA","og_description":"BALANCE COLLECTION  Bracelet made of black tourmaline stones.  A stone that everyone who cares about health and mental balance should have with them. It strengthens, heals and cleanses both body and mind.  GIVE YOUR BODY AND MIND A NATURAL BOOST.  Packaged in an elegant box showing MAOLA logo. Eco friendly \u2013 eco friendly product. Certyfikat FSC\u00ae \/ FSC Mix.","og_url":"https:\/\/maola.pl\/en\/shop\/product\/bracelet-tourmaline-alpaca\/","og_site_name":"MAOLA","article_modified_time":"2023-01-31T10:29:59+00:00","og_image":[{"width":2560,"height":2560,"url":"https:\/\/maola.pl\/wp-content\/uploads\/2022\/09\/IMG_0983-2-scaled.jpg","type":"image\/jpeg"}],"twitter_card":"summary_large_image","schema":{"@context":"https:\/\/schema.org","@graph":[{"@type":"WebPage","@id":"https:\/\/maola.pl\/en\/shop\/product\/bracelet-tourmaline-alpaca\/","url":"https:\/\/maola.pl\/en\/shop\/product\/bracelet-tourmaline-alpaca\/","name":"BRACELET TOURMALINE ALPACA - Bi\u017cuteria dla surfer\u00f3w - MAOLA","isPartOf":{"@id":"https:\/\/maola.pl\/#website"},"primaryImageOfPage":{"@id":"https:\/\/maola.pl\/en\/shop\/product\/bracelet-tourmaline-alpaca\/#primaryimage"},"image":{"@id":"https:\/\/maola.pl\/en\/shop\/product\/bracelet-tourmaline-alpaca\/#primaryimage"},"thumbnailUrl":"https:\/\/maola.pl\/wp-content\/uploads\/2022\/09\/IMG_0983-2-scaled.jpg","datePublished":"2022-09-27T14:35:31+00:00","dateModified":"2023-01-31T10:29:59+00:00","breadcrumb":{"@id":"https:\/\/maola.pl\/en\/shop\/product\/bracelet-tourmaline-alpaca\/#breadcrumb"},"inLanguage":"en-US","potentialAction":[{"@type":"ReadAction","target":["https:\/\/maola.pl\/en\/shop\/product\/bracelet-tourmaline-alpaca\/"]}]},{"@type":"ImageObject","inLanguage":"en-US","@id":"https:\/\/maola.pl\/en\/shop\/product\/bracelet-tourmaline-alpaca\/#primaryimage","url":"https:\/\/maola.pl\/wp-content\/uploads\/2022\/09\/IMG_0983-2-scaled.jpg","contentUrl":"https:\/\/maola.pl\/wp-content\/uploads\/2022\/09\/IMG_0983-2-scaled.jpg","width":2560,"height":2560},{"@type":"BreadcrumbList","@id":"https:\/\/maola.pl\/en\/shop\/product\/bracelet-tourmaline-alpaca\/#breadcrumb","itemListElement":[{"@type":"ListItem","position":1,"name":"Strona g\u0142\u00f3wna","item":"https:\/\/maola.pl\/en\/"},{"@type":"ListItem","position":2,"name":"Shop","item":"https:\/\/maola.pl\/en\/shop\/"},{"@type":"ListItem","position":3,"name":"BRACELET TOURMALINE ALPACA"}]},{"@type":"WebSite","@id":"https:\/\/maola.pl\/#website","url":"https:\/\/maola.pl\/","name":"MAOLA","description":"Bi\u017cuteria MAOLA. Naszyjniki, Bransoletki, Breloczki. Z mi\u0142o\u015bci do surfingu i pasji do projektowania. Prostota, subtelno\u015b\u0107 i najlepszej jako\u015bci naturalne materia\u0142y.","publisher":{"@id":"https:\/\/maola.pl\/#\/schema\/person\/a24d2c6a6acce1d67e6e4bdf25befdd8"},"potentialAction":[{"@type":"SearchAction","target":{"@type":"EntryPoint","urlTemplate":"https:\/\/maola.pl\/?s={search_term_string}"},"query-input":{"@type":"PropertyValueSpecification","valueRequired":true,"valueName":"search_term_string"}}],"inLanguage":"en-US"},{"@type":["Person","Organization"],"@id":"https:\/\/maola.pl\/#\/schema\/person\/a24d2c6a6acce1d67e6e4bdf25befdd8","name":"maola","image":{"@type":"ImageObject","inLanguage":"en-US","@id":"https:\/\/maola.pl\/#\/schema\/person\/image\/","url":"https:\/\/secure.gravatar.com\/avatar\/c3bf37973febfb7800712dcc28223c45?s=96&d=blank&r=g","contentUrl":"https:\/\/secure.gravatar.com\/avatar\/c3bf37973febfb7800712dcc28223c45?s=96&d=blank&r=g","caption":"maola"},"logo":{"@id":"https:\/\/maola.pl\/#\/schema\/person\/image\/"}}]}},"jetpack_sharing_enabled":true,"_links":{"self":[{"href":"https:\/\/maola.pl\/en\/wp-json\/wp\/v2\/product\/2630","targetHints":{"allow":["GET"]}}],"collection":[{"href":"https:\/\/maola.pl\/en\/wp-json\/wp\/v2\/product"}],"about":[{"href":"https:\/\/maola.pl\/en\/wp-json\/wp\/v2\/types\/product"}],"replies":[{"embeddable":true,"href":"https:\/\/maola.pl\/en\/wp-json\/wp\/v2\/comments?post=2630"}],"wp:featuredmedia":[{"embeddable":true,"href":"https:\/\/maola.pl\/en\/wp-json\/wp\/v2\/media\/2660"}],"wp:attachment":[{"href":"https:\/\/maola.pl\/en\/wp-json\/wp\/v2\/media?parent=2630"}],"wp:term":[{"taxonomy":"product_brand","embeddable":true,"href":"https:\/\/maola.pl\/en\/wp-json\/wp\/v2\/product_brand?post=2630"},{"taxonomy":"product_cat","embeddable":true,"href":"https:\/\/maola.pl\/en\/wp-json\/wp\/v2\/product_cat?post=2630"},{"taxonomy":"product_tag","embeddable":true,"href":"https:\/\/maola.pl\/en\/wp-json\/wp\/v2\/product_tag?post=2630"}],"curies":[{"name":"wp","href":"https:\/\/api.w.org\/{rel}","templated":true}]}}