{"id":2442,"date":"2022-04-09T11:08:06","date_gmt":"2022-04-09T09:08:06","guid":{"rendered":"https:\/\/maola.pl\/?post_type=product&#038;p=2442"},"modified":"2023-01-31T12:48:21","modified_gmt":"2023-01-31T10:48:21","slug":"silver-necklace-shell","status":"publish","type":"product","link":"https:\/\/maola.pl\/en\/shop\/product\/silver-necklace-shell\/","title":{"rendered":"SILVER NECKLACE SHEL"},"content":{"rendered":"<p>SEASHELL COLLECTION is the magic of the sea and the ocean.<\/p>\n<p>It&#8217;s a collection full of positive energy.<br \/>\nThe shell is a symbol of the ocean and the energy of water &#8211; an element that represents emotions, femininity and infinity. The shell is a symbol of happiness and life.<\/p>\n<p>Wearing this jewelry, let it increase your life energy.<\/p>\n<p>For the love of Ocean!<\/p>\n<p>INSPIRED BY NATURE<\/p>\n<p>Environmentally friendly product.<br \/>\nThe packaging is made of FSC\u00ae certified paper, water-based glue, satin handle.<br \/>\nThe FSC\u00ae certificate guarantees that the materials used come from responsible forest management, which means that no more trees are cut than the forest can reproduce.<\/p>\n","protected":false},"excerpt":{"rendered":"<p>SEASHELL COLLECTION<br \/>\nNecklace with a shell made of high quality 925 sterling silver.<\/p>\n<p>Chain length \u2013 55 cm<br \/>\nShell charm \u2013 1,1 cm<\/p>\n<p>Packaged in an elegant box showing MAOLA logo.<\/p>\n<p>Eco friendly &#8211; eco friendly product.<br \/>\nCertyfikat FSC\u00ae \/ FSC Mix<\/p>\n<p>FOR THE LOVE OF OCEAN<\/p>\n","protected":false},"featured_media":2460,"comment_status":"closed","ping_status":"closed","template":"","meta":[],"product_brand":[],"product_cat":[145,147],"product_tag":[],"class_list":{"0":"post-2442","1":"product","2":"type-product","3":"status-publish","4":"has-post-thumbnail","6":"product_cat-necklaces","7":"product_cat-silver-necklaces","9":"first","10":"instock","11":"shipping-taxable","12":"purchasable","13":"product-type-simple"},"yoast_head":"<!-- This site is optimized with the Yoast SEO plugin v24.8.1 - https:\/\/yoast.com\/wordpress\/plugins\/seo\/ -->\n<title>SILVER NECKLACE SHEL - Bi\u017cuteria dla surfer\u00f3w - MAOLA<\/title>\n<meta name=\"robots\" content=\"index, follow, max-snippet:-1, max-image-preview:large, max-video-preview:-1\" \/>\n<link rel=\"canonical\" href=\"https:\/\/maola.pl\/shop\/product\/srebrny-naszyjnik-muszelka\/\" \/>\n<meta property=\"og:locale\" content=\"en_US\" \/>\n<meta property=\"og:type\" content=\"article\" \/>\n<meta property=\"og:title\" content=\"SILVER NECKLACE SHEL - Bi\u017cuteria dla surfer\u00f3w - MAOLA\" \/>\n<meta property=\"og:description\" content=\"SEASHELL COLLECTION Necklace with a shell made of high quality 925 sterling silver.  Chain length \u2013 55 cm Shell charm \u2013 1,1 cm  Packaged in an elegant box showing MAOLA logo.  Eco friendly - eco friendly product. Certyfikat FSC\u00ae \/ FSC Mix  FOR THE LOVE OF OCEAN\" \/>\n<meta property=\"og:url\" content=\"https:\/\/maola.pl\/shop\/product\/srebrny-naszyjnik-muszelka\/\" \/>\n<meta property=\"og:site_name\" content=\"MAOLA\" \/>\n<meta property=\"article:modified_time\" content=\"2023-01-31T10:48:21+00:00\" \/>\n<meta property=\"og:image\" content=\"https:\/\/maola.pl\/wp-content\/uploads\/2022\/04\/shell_necklace_1.jpg\" \/>\n\t<meta property=\"og:image:width\" content=\"2018\" \/>\n\t<meta property=\"og:image:height\" content=\"2018\" \/>\n\t<meta property=\"og:image:type\" content=\"image\/jpeg\" \/>\n<meta name=\"twitter:card\" content=\"summary_large_image\" \/>\n<meta name=\"twitter:label1\" content=\"Est. reading time\" \/>\n\t<meta name=\"twitter:data1\" content=\"1 minute\" \/>\n<script type=\"application\/ld+json\" class=\"yoast-schema-graph\">{\"@context\":\"https:\/\/schema.org\",\"@graph\":[{\"@type\":\"WebPage\",\"@id\":\"https:\/\/maola.pl\/shop\/product\/srebrny-naszyjnik-muszelka\/\",\"url\":\"https:\/\/maola.pl\/shop\/product\/srebrny-naszyjnik-muszelka\/\",\"name\":\"SILVER NECKLACE SHEL - Bi\u017cuteria dla surfer\u00f3w - MAOLA\",\"isPartOf\":{\"@id\":\"https:\/\/maola.pl\/#website\"},\"primaryImageOfPage\":{\"@id\":\"https:\/\/maola.pl\/shop\/product\/srebrny-naszyjnik-muszelka\/#primaryimage\"},\"image\":{\"@id\":\"https:\/\/maola.pl\/shop\/product\/srebrny-naszyjnik-muszelka\/#primaryimage\"},\"thumbnailUrl\":\"https:\/\/maola.pl\/wp-content\/uploads\/2022\/04\/shell_necklace_1.jpg\",\"datePublished\":\"2022-04-09T09:08:06+00:00\",\"dateModified\":\"2023-01-31T10:48:21+00:00\",\"breadcrumb\":{\"@id\":\"https:\/\/maola.pl\/shop\/product\/srebrny-naszyjnik-muszelka\/#breadcrumb\"},\"inLanguage\":\"en-US\",\"potentialAction\":[{\"@type\":\"ReadAction\",\"target\":[\"https:\/\/maola.pl\/shop\/product\/srebrny-naszyjnik-muszelka\/\"]}]},{\"@type\":\"ImageObject\",\"inLanguage\":\"en-US\",\"@id\":\"https:\/\/maola.pl\/shop\/product\/srebrny-naszyjnik-muszelka\/#primaryimage\",\"url\":\"https:\/\/maola.pl\/wp-content\/uploads\/2022\/04\/shell_necklace_1.jpg\",\"contentUrl\":\"https:\/\/maola.pl\/wp-content\/uploads\/2022\/04\/shell_necklace_1.jpg\",\"width\":2018,\"height\":2018},{\"@type\":\"BreadcrumbList\",\"@id\":\"https:\/\/maola.pl\/shop\/product\/srebrny-naszyjnik-muszelka\/#breadcrumb\",\"itemListElement\":[{\"@type\":\"ListItem\",\"position\":1,\"name\":\"Strona g\u0142\u00f3wna\",\"item\":\"https:\/\/maola.pl\/en\/\"},{\"@type\":\"ListItem\",\"position\":2,\"name\":\"Shop\",\"item\":\"https:\/\/maola.pl\/en\/shop\/\"},{\"@type\":\"ListItem\",\"position\":3,\"name\":\"SILVER NECKLACE SHEL\"}]},{\"@type\":\"WebSite\",\"@id\":\"https:\/\/maola.pl\/#website\",\"url\":\"https:\/\/maola.pl\/\",\"name\":\"MAOLA\",\"description\":\"Bi\u017cuteria MAOLA. Naszyjniki, Bransoletki, Breloczki. Z mi\u0142o\u015bci do surfingu i pasji do projektowania. Prostota, subtelno\u015b\u0107 i najlepszej jako\u015bci naturalne materia\u0142y.\",\"publisher\":{\"@id\":\"https:\/\/maola.pl\/#\/schema\/person\/a24d2c6a6acce1d67e6e4bdf25befdd8\"},\"potentialAction\":[{\"@type\":\"SearchAction\",\"target\":{\"@type\":\"EntryPoint\",\"urlTemplate\":\"https:\/\/maola.pl\/?s={search_term_string}\"},\"query-input\":{\"@type\":\"PropertyValueSpecification\",\"valueRequired\":true,\"valueName\":\"search_term_string\"}}],\"inLanguage\":\"en-US\"},{\"@type\":[\"Person\",\"Organization\"],\"@id\":\"https:\/\/maola.pl\/#\/schema\/person\/a24d2c6a6acce1d67e6e4bdf25befdd8\",\"name\":\"maola\",\"image\":{\"@type\":\"ImageObject\",\"inLanguage\":\"en-US\",\"@id\":\"https:\/\/maola.pl\/#\/schema\/person\/image\/\",\"url\":\"https:\/\/secure.gravatar.com\/avatar\/c3bf37973febfb7800712dcc28223c45?s=96&d=blank&r=g\",\"contentUrl\":\"https:\/\/secure.gravatar.com\/avatar\/c3bf37973febfb7800712dcc28223c45?s=96&d=blank&r=g\",\"caption\":\"maola\"},\"logo\":{\"@id\":\"https:\/\/maola.pl\/#\/schema\/person\/image\/\"}}]}<\/script>\n<!-- \/ Yoast SEO plugin. -->","yoast_head_json":{"title":"SILVER NECKLACE SHEL - Bi\u017cuteria dla surfer\u00f3w - MAOLA","robots":{"index":"index","follow":"follow","max-snippet":"max-snippet:-1","max-image-preview":"max-image-preview:large","max-video-preview":"max-video-preview:-1"},"canonical":"https:\/\/maola.pl\/shop\/product\/srebrny-naszyjnik-muszelka\/","og_locale":"en_US","og_type":"article","og_title":"SILVER NECKLACE SHEL - Bi\u017cuteria dla surfer\u00f3w - MAOLA","og_description":"SEASHELL COLLECTION Necklace with a shell made of high quality 925 sterling silver.  Chain length \u2013 55 cm Shell charm \u2013 1,1 cm  Packaged in an elegant box showing MAOLA logo.  Eco friendly - eco friendly product. Certyfikat FSC\u00ae \/ FSC Mix  FOR THE LOVE OF OCEAN","og_url":"https:\/\/maola.pl\/shop\/product\/srebrny-naszyjnik-muszelka\/","og_site_name":"MAOLA","article_modified_time":"2023-01-31T10:48:21+00:00","og_image":[{"width":2018,"height":2018,"url":"https:\/\/maola.pl\/wp-content\/uploads\/2022\/04\/shell_necklace_1.jpg","type":"image\/jpeg"}],"twitter_card":"summary_large_image","twitter_misc":{"Est. reading time":"1 minute"},"schema":{"@context":"https:\/\/schema.org","@graph":[{"@type":"WebPage","@id":"https:\/\/maola.pl\/shop\/product\/srebrny-naszyjnik-muszelka\/","url":"https:\/\/maola.pl\/shop\/product\/srebrny-naszyjnik-muszelka\/","name":"SILVER NECKLACE SHEL - Bi\u017cuteria dla surfer\u00f3w - MAOLA","isPartOf":{"@id":"https:\/\/maola.pl\/#website"},"primaryImageOfPage":{"@id":"https:\/\/maola.pl\/shop\/product\/srebrny-naszyjnik-muszelka\/#primaryimage"},"image":{"@id":"https:\/\/maola.pl\/shop\/product\/srebrny-naszyjnik-muszelka\/#primaryimage"},"thumbnailUrl":"https:\/\/maola.pl\/wp-content\/uploads\/2022\/04\/shell_necklace_1.jpg","datePublished":"2022-04-09T09:08:06+00:00","dateModified":"2023-01-31T10:48:21+00:00","breadcrumb":{"@id":"https:\/\/maola.pl\/shop\/product\/srebrny-naszyjnik-muszelka\/#breadcrumb"},"inLanguage":"en-US","potentialAction":[{"@type":"ReadAction","target":["https:\/\/maola.pl\/shop\/product\/srebrny-naszyjnik-muszelka\/"]}]},{"@type":"ImageObject","inLanguage":"en-US","@id":"https:\/\/maola.pl\/shop\/product\/srebrny-naszyjnik-muszelka\/#primaryimage","url":"https:\/\/maola.pl\/wp-content\/uploads\/2022\/04\/shell_necklace_1.jpg","contentUrl":"https:\/\/maola.pl\/wp-content\/uploads\/2022\/04\/shell_necklace_1.jpg","width":2018,"height":2018},{"@type":"BreadcrumbList","@id":"https:\/\/maola.pl\/shop\/product\/srebrny-naszyjnik-muszelka\/#breadcrumb","itemListElement":[{"@type":"ListItem","position":1,"name":"Strona g\u0142\u00f3wna","item":"https:\/\/maola.pl\/en\/"},{"@type":"ListItem","position":2,"name":"Shop","item":"https:\/\/maola.pl\/en\/shop\/"},{"@type":"ListItem","position":3,"name":"SILVER NECKLACE SHEL"}]},{"@type":"WebSite","@id":"https:\/\/maola.pl\/#website","url":"https:\/\/maola.pl\/","name":"MAOLA","description":"Bi\u017cuteria MAOLA. Naszyjniki, Bransoletki, Breloczki. Z mi\u0142o\u015bci do surfingu i pasji do projektowania. Prostota, subtelno\u015b\u0107 i najlepszej jako\u015bci naturalne materia\u0142y.","publisher":{"@id":"https:\/\/maola.pl\/#\/schema\/person\/a24d2c6a6acce1d67e6e4bdf25befdd8"},"potentialAction":[{"@type":"SearchAction","target":{"@type":"EntryPoint","urlTemplate":"https:\/\/maola.pl\/?s={search_term_string}"},"query-input":{"@type":"PropertyValueSpecification","valueRequired":true,"valueName":"search_term_string"}}],"inLanguage":"en-US"},{"@type":["Person","Organization"],"@id":"https:\/\/maola.pl\/#\/schema\/person\/a24d2c6a6acce1d67e6e4bdf25befdd8","name":"maola","image":{"@type":"ImageObject","inLanguage":"en-US","@id":"https:\/\/maola.pl\/#\/schema\/person\/image\/","url":"https:\/\/secure.gravatar.com\/avatar\/c3bf37973febfb7800712dcc28223c45?s=96&d=blank&r=g","contentUrl":"https:\/\/secure.gravatar.com\/avatar\/c3bf37973febfb7800712dcc28223c45?s=96&d=blank&r=g","caption":"maola"},"logo":{"@id":"https:\/\/maola.pl\/#\/schema\/person\/image\/"}}]}},"jetpack_sharing_enabled":true,"_links":{"self":[{"href":"https:\/\/maola.pl\/en\/wp-json\/wp\/v2\/product\/2442","targetHints":{"allow":["GET"]}}],"collection":[{"href":"https:\/\/maola.pl\/en\/wp-json\/wp\/v2\/product"}],"about":[{"href":"https:\/\/maola.pl\/en\/wp-json\/wp\/v2\/types\/product"}],"replies":[{"embeddable":true,"href":"https:\/\/maola.pl\/en\/wp-json\/wp\/v2\/comments?post=2442"}],"wp:featuredmedia":[{"embeddable":true,"href":"https:\/\/maola.pl\/en\/wp-json\/wp\/v2\/media\/2460"}],"wp:attachment":[{"href":"https:\/\/maola.pl\/en\/wp-json\/wp\/v2\/media?parent=2442"}],"wp:term":[{"taxonomy":"product_brand","embeddable":true,"href":"https:\/\/maola.pl\/en\/wp-json\/wp\/v2\/product_brand?post=2442"},{"taxonomy":"product_cat","embeddable":true,"href":"https:\/\/maola.pl\/en\/wp-json\/wp\/v2\/product_cat?post=2442"},{"taxonomy":"product_tag","embeddable":true,"href":"https:\/\/maola.pl\/en\/wp-json\/wp\/v2\/product_tag?post=2442"}],"curies":[{"name":"wp","href":"https:\/\/api.w.org\/{rel}","templated":true}]}}