{"id":2299,"date":"2019-12-12T19:54:57","date_gmt":"2019-12-12T17:54:57","guid":{"rendered":"https:\/\/maola.pl\/produkt\/wooden-bracelet-forest\/"},"modified":"2025-01-06T11:13:49","modified_gmt":"2025-01-06T09:13:49","slug":"wooden-bracelet-forest","status":"publish","type":"product","link":"https:\/\/maola.pl\/en\/shop\/product\/wooden-bracelet-forest\/","title":{"rendered":"WOODEN BRACELET FOREST"},"content":{"rendered":"<p>Bracelet made of wooden beads. The exotic beads are on a premium silicone string with a unique MAOLA charm attached. The bracelet is available in sizes S and M. The natural material makes each bracelet unique and beads may differ in color and texture from the picture.<\/p>\n<p>Bracelet is packed in an elegant pouch.<br \/>\nHandmade only.<\/p>\n<p>INSPIRED BY NATURE<\/p>\n","protected":false},"excerpt":{"rendered":"<p>Feel the beauty hidden in natural jewellery.<\/p>\n<ul class=\"features-list\">\n<li class=\"features-list-list-item even\">MATERIAL: WOOD\/STONE<\/li>\n<li class=\"features-list-list-item even\">WOOD: EXOTIC<\/li>\n<li>STONE: AGATE<\/li>\n<li>STRING:\u00a0RUBBER<\/li>\n<\/ul>\n<p>FOREST bracelet matches best with EARTH bracelet and make a beautiful set.<\/p>\n<p>&nbsp;<\/p>\n","protected":false},"featured_media":1267,"comment_status":"closed","ping_status":"closed","template":"","meta":[],"product_brand":[],"product_cat":[112,109],"product_tag":[],"class_list":{"0":"post-2299","1":"product","2":"type-product","3":"status-publish","4":"has-post-thumbnail","6":"product_cat-bracelets-of-stones","7":"product_cat-wooden-bracelets","9":"first","10":"instock","11":"shipping-taxable","12":"purchasable","13":"product-type-variable"},"yoast_head":"<!-- This site is optimized with the Yoast SEO plugin v24.8.1 - https:\/\/yoast.com\/wordpress\/plugins\/seo\/ -->\n<title>WOODEN BRACELET FOREST - Bi\u017cuteria dla surfer\u00f3w - MAOLA<\/title>\n<meta name=\"robots\" content=\"index, follow, max-snippet:-1, max-image-preview:large, max-video-preview:-1\" \/>\n<link rel=\"canonical\" href=\"https:\/\/maola.pl\/en\/shop\/product\/wooden-bracelet-forest\/\" \/>\n<meta property=\"og:locale\" content=\"en_US\" \/>\n<meta property=\"og:type\" content=\"article\" \/>\n<meta property=\"og:title\" content=\"WOODEN BRACELET FOREST - Bi\u017cuteria dla surfer\u00f3w - MAOLA\" \/>\n<meta property=\"og:description\" content=\"Feel the beauty hidden in natural jewellery.   MATERIAL: WOOD\/STONE  WOOD: EXOTIC  STONE: AGATE  STRING:\u00a0RUBBER  FOREST bracelet matches best with EARTH bracelet and make a beautiful set.  &nbsp;\" \/>\n<meta property=\"og:url\" content=\"https:\/\/maola.pl\/en\/shop\/product\/wooden-bracelet-forest\/\" \/>\n<meta property=\"og:site_name\" content=\"MAOLA\" \/>\n<meta property=\"article:modified_time\" content=\"2025-01-06T09:13:49+00:00\" \/>\n<meta property=\"og:image\" content=\"https:\/\/maola.pl\/wp-content\/uploads\/2019\/12\/IMG_8682-1024x1024.jpg\" \/>\n\t<meta property=\"og:image:width\" content=\"1024\" \/>\n\t<meta property=\"og:image:height\" content=\"1024\" \/>\n\t<meta property=\"og:image:type\" content=\"image\/jpeg\" \/>\n<meta name=\"twitter:card\" content=\"summary_large_image\" \/>\n<script type=\"application\/ld+json\" class=\"yoast-schema-graph\">{\"@context\":\"https:\/\/schema.org\",\"@graph\":[{\"@type\":\"WebPage\",\"@id\":\"https:\/\/maola.pl\/en\/shop\/product\/wooden-bracelet-forest\/\",\"url\":\"https:\/\/maola.pl\/en\/shop\/product\/wooden-bracelet-forest\/\",\"name\":\"WOODEN BRACELET FOREST - Bi\u017cuteria dla surfer\u00f3w - MAOLA\",\"isPartOf\":{\"@id\":\"https:\/\/maola.pl\/#website\"},\"primaryImageOfPage\":{\"@id\":\"https:\/\/maola.pl\/en\/shop\/product\/wooden-bracelet-forest\/#primaryimage\"},\"image\":{\"@id\":\"https:\/\/maola.pl\/en\/shop\/product\/wooden-bracelet-forest\/#primaryimage\"},\"thumbnailUrl\":\"https:\/\/maola.pl\/wp-content\/uploads\/2019\/12\/IMG_8682.jpg\",\"datePublished\":\"2019-12-12T17:54:57+00:00\",\"dateModified\":\"2025-01-06T09:13:49+00:00\",\"breadcrumb\":{\"@id\":\"https:\/\/maola.pl\/en\/shop\/product\/wooden-bracelet-forest\/#breadcrumb\"},\"inLanguage\":\"en-US\",\"potentialAction\":[{\"@type\":\"ReadAction\",\"target\":[\"https:\/\/maola.pl\/en\/shop\/product\/wooden-bracelet-forest\/\"]}]},{\"@type\":\"ImageObject\",\"inLanguage\":\"en-US\",\"@id\":\"https:\/\/maola.pl\/en\/shop\/product\/wooden-bracelet-forest\/#primaryimage\",\"url\":\"https:\/\/maola.pl\/wp-content\/uploads\/2019\/12\/IMG_8682.jpg\",\"contentUrl\":\"https:\/\/maola.pl\/wp-content\/uploads\/2019\/12\/IMG_8682.jpg\",\"width\":2448,\"height\":2448},{\"@type\":\"BreadcrumbList\",\"@id\":\"https:\/\/maola.pl\/en\/shop\/product\/wooden-bracelet-forest\/#breadcrumb\",\"itemListElement\":[{\"@type\":\"ListItem\",\"position\":1,\"name\":\"Strona g\u0142\u00f3wna\",\"item\":\"https:\/\/maola.pl\/en\/\"},{\"@type\":\"ListItem\",\"position\":2,\"name\":\"Shop\",\"item\":\"https:\/\/maola.pl\/en\/shop\/\"},{\"@type\":\"ListItem\",\"position\":3,\"name\":\"WOODEN BRACELET FOREST\"}]},{\"@type\":\"WebSite\",\"@id\":\"https:\/\/maola.pl\/#website\",\"url\":\"https:\/\/maola.pl\/\",\"name\":\"MAOLA\",\"description\":\"Bi\u017cuteria MAOLA. Naszyjniki, Bransoletki, Breloczki. Z mi\u0142o\u015bci do surfingu i pasji do projektowania. Prostota, subtelno\u015b\u0107 i najlepszej jako\u015bci naturalne materia\u0142y.\",\"publisher\":{\"@id\":\"https:\/\/maola.pl\/#\/schema\/person\/a24d2c6a6acce1d67e6e4bdf25befdd8\"},\"potentialAction\":[{\"@type\":\"SearchAction\",\"target\":{\"@type\":\"EntryPoint\",\"urlTemplate\":\"https:\/\/maola.pl\/?s={search_term_string}\"},\"query-input\":{\"@type\":\"PropertyValueSpecification\",\"valueRequired\":true,\"valueName\":\"search_term_string\"}}],\"inLanguage\":\"en-US\"},{\"@type\":[\"Person\",\"Organization\"],\"@id\":\"https:\/\/maola.pl\/#\/schema\/person\/a24d2c6a6acce1d67e6e4bdf25befdd8\",\"name\":\"maola\",\"image\":{\"@type\":\"ImageObject\",\"inLanguage\":\"en-US\",\"@id\":\"https:\/\/maola.pl\/#\/schema\/person\/image\/\",\"url\":\"https:\/\/secure.gravatar.com\/avatar\/c3bf37973febfb7800712dcc28223c45?s=96&d=blank&r=g\",\"contentUrl\":\"https:\/\/secure.gravatar.com\/avatar\/c3bf37973febfb7800712dcc28223c45?s=96&d=blank&r=g\",\"caption\":\"maola\"},\"logo\":{\"@id\":\"https:\/\/maola.pl\/#\/schema\/person\/image\/\"}}]}<\/script>\n<!-- \/ Yoast SEO plugin. -->","yoast_head_json":{"title":"WOODEN BRACELET FOREST - Bi\u017cuteria dla surfer\u00f3w - MAOLA","robots":{"index":"index","follow":"follow","max-snippet":"max-snippet:-1","max-image-preview":"max-image-preview:large","max-video-preview":"max-video-preview:-1"},"canonical":"https:\/\/maola.pl\/en\/shop\/product\/wooden-bracelet-forest\/","og_locale":"en_US","og_type":"article","og_title":"WOODEN BRACELET FOREST - Bi\u017cuteria dla surfer\u00f3w - MAOLA","og_description":"Feel the beauty hidden in natural jewellery.   MATERIAL: WOOD\/STONE  WOOD: EXOTIC  STONE: AGATE  STRING:\u00a0RUBBER  FOREST bracelet matches best with EARTH bracelet and make a beautiful set.  &nbsp;","og_url":"https:\/\/maola.pl\/en\/shop\/product\/wooden-bracelet-forest\/","og_site_name":"MAOLA","article_modified_time":"2025-01-06T09:13:49+00:00","og_image":[{"width":1024,"height":1024,"url":"https:\/\/maola.pl\/wp-content\/uploads\/2019\/12\/IMG_8682-1024x1024.jpg","type":"image\/jpeg"}],"twitter_card":"summary_large_image","schema":{"@context":"https:\/\/schema.org","@graph":[{"@type":"WebPage","@id":"https:\/\/maola.pl\/en\/shop\/product\/wooden-bracelet-forest\/","url":"https:\/\/maola.pl\/en\/shop\/product\/wooden-bracelet-forest\/","name":"WOODEN BRACELET FOREST - Bi\u017cuteria dla surfer\u00f3w - MAOLA","isPartOf":{"@id":"https:\/\/maola.pl\/#website"},"primaryImageOfPage":{"@id":"https:\/\/maola.pl\/en\/shop\/product\/wooden-bracelet-forest\/#primaryimage"},"image":{"@id":"https:\/\/maola.pl\/en\/shop\/product\/wooden-bracelet-forest\/#primaryimage"},"thumbnailUrl":"https:\/\/maola.pl\/wp-content\/uploads\/2019\/12\/IMG_8682.jpg","datePublished":"2019-12-12T17:54:57+00:00","dateModified":"2025-01-06T09:13:49+00:00","breadcrumb":{"@id":"https:\/\/maola.pl\/en\/shop\/product\/wooden-bracelet-forest\/#breadcrumb"},"inLanguage":"en-US","potentialAction":[{"@type":"ReadAction","target":["https:\/\/maola.pl\/en\/shop\/product\/wooden-bracelet-forest\/"]}]},{"@type":"ImageObject","inLanguage":"en-US","@id":"https:\/\/maola.pl\/en\/shop\/product\/wooden-bracelet-forest\/#primaryimage","url":"https:\/\/maola.pl\/wp-content\/uploads\/2019\/12\/IMG_8682.jpg","contentUrl":"https:\/\/maola.pl\/wp-content\/uploads\/2019\/12\/IMG_8682.jpg","width":2448,"height":2448},{"@type":"BreadcrumbList","@id":"https:\/\/maola.pl\/en\/shop\/product\/wooden-bracelet-forest\/#breadcrumb","itemListElement":[{"@type":"ListItem","position":1,"name":"Strona g\u0142\u00f3wna","item":"https:\/\/maola.pl\/en\/"},{"@type":"ListItem","position":2,"name":"Shop","item":"https:\/\/maola.pl\/en\/shop\/"},{"@type":"ListItem","position":3,"name":"WOODEN BRACELET FOREST"}]},{"@type":"WebSite","@id":"https:\/\/maola.pl\/#website","url":"https:\/\/maola.pl\/","name":"MAOLA","description":"Bi\u017cuteria MAOLA. Naszyjniki, Bransoletki, Breloczki. Z mi\u0142o\u015bci do surfingu i pasji do projektowania. Prostota, subtelno\u015b\u0107 i najlepszej jako\u015bci naturalne materia\u0142y.","publisher":{"@id":"https:\/\/maola.pl\/#\/schema\/person\/a24d2c6a6acce1d67e6e4bdf25befdd8"},"potentialAction":[{"@type":"SearchAction","target":{"@type":"EntryPoint","urlTemplate":"https:\/\/maola.pl\/?s={search_term_string}"},"query-input":{"@type":"PropertyValueSpecification","valueRequired":true,"valueName":"search_term_string"}}],"inLanguage":"en-US"},{"@type":["Person","Organization"],"@id":"https:\/\/maola.pl\/#\/schema\/person\/a24d2c6a6acce1d67e6e4bdf25befdd8","name":"maola","image":{"@type":"ImageObject","inLanguage":"en-US","@id":"https:\/\/maola.pl\/#\/schema\/person\/image\/","url":"https:\/\/secure.gravatar.com\/avatar\/c3bf37973febfb7800712dcc28223c45?s=96&d=blank&r=g","contentUrl":"https:\/\/secure.gravatar.com\/avatar\/c3bf37973febfb7800712dcc28223c45?s=96&d=blank&r=g","caption":"maola"},"logo":{"@id":"https:\/\/maola.pl\/#\/schema\/person\/image\/"}}]}},"jetpack_sharing_enabled":true,"_links":{"self":[{"href":"https:\/\/maola.pl\/en\/wp-json\/wp\/v2\/product\/2299","targetHints":{"allow":["GET"]}}],"collection":[{"href":"https:\/\/maola.pl\/en\/wp-json\/wp\/v2\/product"}],"about":[{"href":"https:\/\/maola.pl\/en\/wp-json\/wp\/v2\/types\/product"}],"replies":[{"embeddable":true,"href":"https:\/\/maola.pl\/en\/wp-json\/wp\/v2\/comments?post=2299"}],"wp:featuredmedia":[{"embeddable":true,"href":"https:\/\/maola.pl\/en\/wp-json\/wp\/v2\/media\/1267"}],"wp:attachment":[{"href":"https:\/\/maola.pl\/en\/wp-json\/wp\/v2\/media?parent=2299"}],"wp:term":[{"taxonomy":"product_brand","embeddable":true,"href":"https:\/\/maola.pl\/en\/wp-json\/wp\/v2\/product_brand?post=2299"},{"taxonomy":"product_cat","embeddable":true,"href":"https:\/\/maola.pl\/en\/wp-json\/wp\/v2\/product_cat?post=2299"},{"taxonomy":"product_tag","embeddable":true,"href":"https:\/\/maola.pl\/en\/wp-json\/wp\/v2\/product_tag?post=2299"}],"curies":[{"name":"wp","href":"https:\/\/api.w.org\/{rel}","templated":true}]}}