{"id":2004,"date":"2020-07-08T10:43:15","date_gmt":"2020-07-08T08:43:15","guid":{"rendered":"https:\/\/maola.pl\/produkt\/baltyk-327-c\/"},"modified":"2021-10-24T22:23:56","modified_gmt":"2021-10-24T20:23:56","slug":"poster-baltic-327-c","status":"publish","type":"product","link":"https:\/\/maola.pl\/en\/shop\/product\/poster-baltic-327-c\/","title":{"rendered":"POSTER &#8211; BALTIC 327 C"},"content":{"rendered":"<p>The poster was published in a limited series of 100 pieces. Each copy is unique \u2013 it has been numbered and signed by the author herself.<\/p>\n<p>Format: B2 (50\u00d770 cm)<br \/>\nOffset paper, wood-free, matt, 140g.<br \/>\nSold without frame.<br \/>\nPacked in a tube box.<\/p>\n<p>Ecology is important to us.<br \/>\nEnvironment friendly paper: FSC\u00ae &amp; PEFC&#x2122;<\/p>\n<p>FSC and PEFC certificates are proof that the production, processing and trade of wood and forest products always comply with relevant EU regulations. It guarantees the wood used by us is from legal sources.<\/p>\n","protected":false},"excerpt":{"rendered":"<p><em>Baltic 327 C<\/em> poster was inspired by the colours of the Baltic Sea and created in collaboration with designer Monika Kolaczkiewicz.<\/p>\n<p>How to reproduce the magic and the amazing hue of the Baltic Sea using just one colour? Designer Monika Kolaczkiewicz accepted the challenge. <em>Baltic 327 C<\/em> is her minimalist answer.<\/p>\n<p>The Baltic Sea has a surprisingly wide scale of colours. Starting off with shades of sapphire, greenish grey and, of course, blue. Using a single colour from the Pantone palette, the poster conveys the colour, tranquillity and the open space of the wide sea. The poster takes on different shades and hues depending on the light falling on it, whether sunshine, darkness or cloudy sky. Just like the Baltic Sea.<\/p>\n","protected":false},"featured_media":1310,"comment_status":"closed","ping_status":"closed","template":"","meta":[],"product_brand":[],"product_cat":[106],"product_tag":[],"class_list":{"0":"post-2004","1":"product","2":"type-product","3":"status-publish","4":"has-post-thumbnail","6":"product_cat-accessories","8":"first","9":"instock","10":"shipping-taxable","11":"purchasable","12":"product-type-simple"},"yoast_head":"<!-- This site is optimized with the Yoast SEO plugin v24.8.1 - https:\/\/yoast.com\/wordpress\/plugins\/seo\/ -->\n<title>POSTER - BALTIC 327 C - Bi\u017cuteria dla surfer\u00f3w - MAOLA<\/title>\n<meta name=\"robots\" content=\"index, follow, max-snippet:-1, max-image-preview:large, max-video-preview:-1\" \/>\n<link rel=\"canonical\" href=\"https:\/\/maola.pl\/en\/shop\/product\/poster-baltic-327-c\/\" \/>\n<meta property=\"og:locale\" content=\"en_US\" \/>\n<meta property=\"og:type\" content=\"article\" \/>\n<meta property=\"og:title\" content=\"POSTER - BALTIC 327 C - Bi\u017cuteria dla surfer\u00f3w - MAOLA\" \/>\n<meta property=\"og:description\" content=\"Baltic 327 C poster was inspired by the colours of the Baltic Sea and created in collaboration with designer Monika Kolaczkiewicz.  How to reproduce the magic and the amazing hue of the Baltic Sea using just one colour? Designer Monika Kolaczkiewicz accepted the challenge. Baltic 327 C is her minimalist answer.  The Baltic Sea has a surprisingly wide scale of colours. Starting off with shades of sapphire, greenish grey and, of course, blue. Using a single colour from the Pantone palette, the poster conveys the colour, tranquillity and the open space of the wide sea. The poster takes on different shades and hues depending on the light falling on it, whether sunshine, darkness or cloudy sky. Just like the Baltic Sea.\" \/>\n<meta property=\"og:url\" content=\"https:\/\/maola.pl\/en\/shop\/product\/poster-baltic-327-c\/\" \/>\n<meta property=\"og:site_name\" content=\"MAOLA\" \/>\n<meta property=\"article:modified_time\" content=\"2021-10-24T20:23:56+00:00\" \/>\n<meta property=\"og:image\" content=\"https:\/\/maola.pl\/wp-content\/uploads\/2020\/07\/IMG_4316-1024x1024.jpg\" \/>\n\t<meta property=\"og:image:width\" content=\"1024\" \/>\n\t<meta property=\"og:image:height\" content=\"1024\" \/>\n\t<meta property=\"og:image:type\" content=\"image\/jpeg\" \/>\n<meta name=\"twitter:card\" content=\"summary_large_image\" \/>\n<script type=\"application\/ld+json\" class=\"yoast-schema-graph\">{\"@context\":\"https:\/\/schema.org\",\"@graph\":[{\"@type\":\"WebPage\",\"@id\":\"https:\/\/maola.pl\/en\/shop\/product\/poster-baltic-327-c\/\",\"url\":\"https:\/\/maola.pl\/en\/shop\/product\/poster-baltic-327-c\/\",\"name\":\"POSTER - BALTIC 327 C - Bi\u017cuteria dla surfer\u00f3w - MAOLA\",\"isPartOf\":{\"@id\":\"https:\/\/maola.pl\/#website\"},\"primaryImageOfPage\":{\"@id\":\"https:\/\/maola.pl\/en\/shop\/product\/poster-baltic-327-c\/#primaryimage\"},\"image\":{\"@id\":\"https:\/\/maola.pl\/en\/shop\/product\/poster-baltic-327-c\/#primaryimage\"},\"thumbnailUrl\":\"https:\/\/maola.pl\/wp-content\/uploads\/2020\/07\/IMG_4316.jpg\",\"datePublished\":\"2020-07-08T08:43:15+00:00\",\"dateModified\":\"2021-10-24T20:23:56+00:00\",\"breadcrumb\":{\"@id\":\"https:\/\/maola.pl\/en\/shop\/product\/poster-baltic-327-c\/#breadcrumb\"},\"inLanguage\":\"en-US\",\"potentialAction\":[{\"@type\":\"ReadAction\",\"target\":[\"https:\/\/maola.pl\/en\/shop\/product\/poster-baltic-327-c\/\"]}]},{\"@type\":\"ImageObject\",\"inLanguage\":\"en-US\",\"@id\":\"https:\/\/maola.pl\/en\/shop\/product\/poster-baltic-327-c\/#primaryimage\",\"url\":\"https:\/\/maola.pl\/wp-content\/uploads\/2020\/07\/IMG_4316.jpg\",\"contentUrl\":\"https:\/\/maola.pl\/wp-content\/uploads\/2020\/07\/IMG_4316.jpg\",\"width\":2410,\"height\":2410},{\"@type\":\"BreadcrumbList\",\"@id\":\"https:\/\/maola.pl\/en\/shop\/product\/poster-baltic-327-c\/#breadcrumb\",\"itemListElement\":[{\"@type\":\"ListItem\",\"position\":1,\"name\":\"Strona g\u0142\u00f3wna\",\"item\":\"https:\/\/maola.pl\/en\/\"},{\"@type\":\"ListItem\",\"position\":2,\"name\":\"Shop\",\"item\":\"https:\/\/maola.pl\/en\/shop\/\"},{\"@type\":\"ListItem\",\"position\":3,\"name\":\"POSTER &#8211; BALTIC 327 C\"}]},{\"@type\":\"WebSite\",\"@id\":\"https:\/\/maola.pl\/#website\",\"url\":\"https:\/\/maola.pl\/\",\"name\":\"MAOLA\",\"description\":\"Bi\u017cuteria MAOLA. Naszyjniki, Bransoletki, Breloczki. Z mi\u0142o\u015bci do surfingu i pasji do projektowania. Prostota, subtelno\u015b\u0107 i najlepszej jako\u015bci naturalne materia\u0142y.\",\"publisher\":{\"@id\":\"https:\/\/maola.pl\/#\/schema\/person\/a24d2c6a6acce1d67e6e4bdf25befdd8\"},\"potentialAction\":[{\"@type\":\"SearchAction\",\"target\":{\"@type\":\"EntryPoint\",\"urlTemplate\":\"https:\/\/maola.pl\/?s={search_term_string}\"},\"query-input\":{\"@type\":\"PropertyValueSpecification\",\"valueRequired\":true,\"valueName\":\"search_term_string\"}}],\"inLanguage\":\"en-US\"},{\"@type\":[\"Person\",\"Organization\"],\"@id\":\"https:\/\/maola.pl\/#\/schema\/person\/a24d2c6a6acce1d67e6e4bdf25befdd8\",\"name\":\"maola\",\"image\":{\"@type\":\"ImageObject\",\"inLanguage\":\"en-US\",\"@id\":\"https:\/\/maola.pl\/#\/schema\/person\/image\/\",\"url\":\"https:\/\/secure.gravatar.com\/avatar\/c3bf37973febfb7800712dcc28223c45?s=96&d=blank&r=g\",\"contentUrl\":\"https:\/\/secure.gravatar.com\/avatar\/c3bf37973febfb7800712dcc28223c45?s=96&d=blank&r=g\",\"caption\":\"maola\"},\"logo\":{\"@id\":\"https:\/\/maola.pl\/#\/schema\/person\/image\/\"}}]}<\/script>\n<!-- \/ Yoast SEO plugin. -->","yoast_head_json":{"title":"POSTER - BALTIC 327 C - Bi\u017cuteria dla surfer\u00f3w - MAOLA","robots":{"index":"index","follow":"follow","max-snippet":"max-snippet:-1","max-image-preview":"max-image-preview:large","max-video-preview":"max-video-preview:-1"},"canonical":"https:\/\/maola.pl\/en\/shop\/product\/poster-baltic-327-c\/","og_locale":"en_US","og_type":"article","og_title":"POSTER - BALTIC 327 C - Bi\u017cuteria dla surfer\u00f3w - MAOLA","og_description":"Baltic 327 C poster was inspired by the colours of the Baltic Sea and created in collaboration with designer Monika Kolaczkiewicz.  How to reproduce the magic and the amazing hue of the Baltic Sea using just one colour? Designer Monika Kolaczkiewicz accepted the challenge. Baltic 327 C is her minimalist answer.  The Baltic Sea has a surprisingly wide scale of colours. Starting off with shades of sapphire, greenish grey and, of course, blue. Using a single colour from the Pantone palette, the poster conveys the colour, tranquillity and the open space of the wide sea. The poster takes on different shades and hues depending on the light falling on it, whether sunshine, darkness or cloudy sky. Just like the Baltic Sea.","og_url":"https:\/\/maola.pl\/en\/shop\/product\/poster-baltic-327-c\/","og_site_name":"MAOLA","article_modified_time":"2021-10-24T20:23:56+00:00","og_image":[{"width":1024,"height":1024,"url":"https:\/\/maola.pl\/wp-content\/uploads\/2020\/07\/IMG_4316-1024x1024.jpg","type":"image\/jpeg"}],"twitter_card":"summary_large_image","schema":{"@context":"https:\/\/schema.org","@graph":[{"@type":"WebPage","@id":"https:\/\/maola.pl\/en\/shop\/product\/poster-baltic-327-c\/","url":"https:\/\/maola.pl\/en\/shop\/product\/poster-baltic-327-c\/","name":"POSTER - BALTIC 327 C - Bi\u017cuteria dla surfer\u00f3w - MAOLA","isPartOf":{"@id":"https:\/\/maola.pl\/#website"},"primaryImageOfPage":{"@id":"https:\/\/maola.pl\/en\/shop\/product\/poster-baltic-327-c\/#primaryimage"},"image":{"@id":"https:\/\/maola.pl\/en\/shop\/product\/poster-baltic-327-c\/#primaryimage"},"thumbnailUrl":"https:\/\/maola.pl\/wp-content\/uploads\/2020\/07\/IMG_4316.jpg","datePublished":"2020-07-08T08:43:15+00:00","dateModified":"2021-10-24T20:23:56+00:00","breadcrumb":{"@id":"https:\/\/maola.pl\/en\/shop\/product\/poster-baltic-327-c\/#breadcrumb"},"inLanguage":"en-US","potentialAction":[{"@type":"ReadAction","target":["https:\/\/maola.pl\/en\/shop\/product\/poster-baltic-327-c\/"]}]},{"@type":"ImageObject","inLanguage":"en-US","@id":"https:\/\/maola.pl\/en\/shop\/product\/poster-baltic-327-c\/#primaryimage","url":"https:\/\/maola.pl\/wp-content\/uploads\/2020\/07\/IMG_4316.jpg","contentUrl":"https:\/\/maola.pl\/wp-content\/uploads\/2020\/07\/IMG_4316.jpg","width":2410,"height":2410},{"@type":"BreadcrumbList","@id":"https:\/\/maola.pl\/en\/shop\/product\/poster-baltic-327-c\/#breadcrumb","itemListElement":[{"@type":"ListItem","position":1,"name":"Strona g\u0142\u00f3wna","item":"https:\/\/maola.pl\/en\/"},{"@type":"ListItem","position":2,"name":"Shop","item":"https:\/\/maola.pl\/en\/shop\/"},{"@type":"ListItem","position":3,"name":"POSTER &#8211; BALTIC 327 C"}]},{"@type":"WebSite","@id":"https:\/\/maola.pl\/#website","url":"https:\/\/maola.pl\/","name":"MAOLA","description":"Bi\u017cuteria MAOLA. Naszyjniki, Bransoletki, Breloczki. Z mi\u0142o\u015bci do surfingu i pasji do projektowania. Prostota, subtelno\u015b\u0107 i najlepszej jako\u015bci naturalne materia\u0142y.","publisher":{"@id":"https:\/\/maola.pl\/#\/schema\/person\/a24d2c6a6acce1d67e6e4bdf25befdd8"},"potentialAction":[{"@type":"SearchAction","target":{"@type":"EntryPoint","urlTemplate":"https:\/\/maola.pl\/?s={search_term_string}"},"query-input":{"@type":"PropertyValueSpecification","valueRequired":true,"valueName":"search_term_string"}}],"inLanguage":"en-US"},{"@type":["Person","Organization"],"@id":"https:\/\/maola.pl\/#\/schema\/person\/a24d2c6a6acce1d67e6e4bdf25befdd8","name":"maola","image":{"@type":"ImageObject","inLanguage":"en-US","@id":"https:\/\/maola.pl\/#\/schema\/person\/image\/","url":"https:\/\/secure.gravatar.com\/avatar\/c3bf37973febfb7800712dcc28223c45?s=96&d=blank&r=g","contentUrl":"https:\/\/secure.gravatar.com\/avatar\/c3bf37973febfb7800712dcc28223c45?s=96&d=blank&r=g","caption":"maola"},"logo":{"@id":"https:\/\/maola.pl\/#\/schema\/person\/image\/"}}]}},"jetpack_sharing_enabled":true,"_links":{"self":[{"href":"https:\/\/maola.pl\/en\/wp-json\/wp\/v2\/product\/2004","targetHints":{"allow":["GET"]}}],"collection":[{"href":"https:\/\/maola.pl\/en\/wp-json\/wp\/v2\/product"}],"about":[{"href":"https:\/\/maola.pl\/en\/wp-json\/wp\/v2\/types\/product"}],"replies":[{"embeddable":true,"href":"https:\/\/maola.pl\/en\/wp-json\/wp\/v2\/comments?post=2004"}],"wp:featuredmedia":[{"embeddable":true,"href":"https:\/\/maola.pl\/en\/wp-json\/wp\/v2\/media\/1310"}],"wp:attachment":[{"href":"https:\/\/maola.pl\/en\/wp-json\/wp\/v2\/media?parent=2004"}],"wp:term":[{"taxonomy":"product_brand","embeddable":true,"href":"https:\/\/maola.pl\/en\/wp-json\/wp\/v2\/product_brand?post=2004"},{"taxonomy":"product_cat","embeddable":true,"href":"https:\/\/maola.pl\/en\/wp-json\/wp\/v2\/product_cat?post=2004"},{"taxonomy":"product_tag","embeddable":true,"href":"https:\/\/maola.pl\/en\/wp-json\/wp\/v2\/product_tag?post=2004"}],"curies":[{"name":"wp","href":"https:\/\/api.w.org\/{rel}","templated":true}]}}