{"id":2288,"date":"2018-09-05T21:01:41","date_gmt":"2018-09-05T19:01:41","guid":{"rendered":"https:\/\/maola.pl\/regulamin\/"},"modified":"2021-10-23T20:23:27","modified_gmt":"2021-10-23T18:23:27","slug":"regulations","status":"publish","type":"page","link":"https:\/\/maola.pl\/en\/regulations\/","title":{"rendered":"Regulations"},"content":{"rendered":"<div id=\"pl-2288\"  class=\"panel-layout\" ><div id=\"pg-2288-0\"  class=\"panel-grid panel-no-style\" ><div id=\"pgc-2288-0-0\"  class=\"panel-grid-cell\" ><div id=\"panel-2288-0-0-0\" class=\"so-panel widget widget_sow-editor panel-first-child panel-last-child\" data-index=\"0\" ><div\n\t\t\t\n\t\t\tclass=\"so-widget-sow-editor so-widget-sow-editor-base\"\n\t\t\t\n\t\t>\n<div class=\"siteorigin-widget-tinymce textwidget\">\n\t<ol>\n<li>Ofert\u0119 stanowi\u0105 wy\u0142\u0105cznie gotowe produkty prezentowane na stronie maola.pl.<\/li>\n<li>Nie jest prowadzona sprzeda\u017c element\u00f3w s\u0142u\u017c\u0105cych do wytworzenia lub naprawy produkt\u00f3w prezentowanych na stronie maola.pl.<\/li>\n<li>Na produkty prezentowane na stronie maola.pl udzielana jest sze\u015bciomiesi\u0119czna gwarancja.<\/li>\n<li>Uprawnienia gwarancyjne przys\u0142uguj\u0105 wy\u0142\u0105cznie na podstawie prawid\u0142owo wype\u0142nionego certyfikatu wydawanego wraz z produktem.<\/li>\n<li>Produkty prezentowane na stronie maola.pl s\u0105 wykonane z materia\u0142\u00f3w naturalnych, kt\u00f3re mog\u0105 ulega\u0107 przebarwieniom, zniekszta\u0142ceniom i zabrudzeniom pod wp\u0142ywem warunk\u00f3w atmosferycznych i czynnik\u00f3w \u015brodowiskowych, dlatego gwarancj\u0105 nie s\u0105 obj\u0119te wszelkie uszkodzenia mechaniczne i chemiczne nie wynikaj\u0105ce z wad materia\u0142owych.<\/li>\n<li>Reklamacja i odst\u0105pienie od umowy s\u0105 realizowane na zasadach powszechnie obowi\u0105zuj\u0105cych.<\/li>\n<li>Gwarantem jest MAOLA - Monika Ko\u0142aczkiewicz (adres do korespondencji: ul. Narbutta 37\/15, 02-356 Warszawa).<\/li>\n<li>W przypadku uwzgl\u0119dnienia reklamacji, o ewentualnej naprawie lub wymianie produktu na nowy decyduje gwarant<\/li>\n<li>Przetwarzanie danych osobowych odbywa si\u0119 zgodnie z polityk\u0105 prywatno\u015bci.<\/li>\n<li>Z\u0142o\u017cenie zam\u00f3wienia na produkty prezentowane na stronie maola.pl jest r\u00f3wnoznaczne z akceptacj\u0105 regulaminu oraz polityki prywatno\u015bci.<\/li>\n<li>Realizacja zam\u00f3wienia nast\u0105pi wy\u0142\u0105cznie po otrzymaniu wp\u0142aty warto\u015bci zam\u00f3wienia.<\/li>\n<li>Nie przewiduje si\u0119 dostawy za zaliczeniem pocztowym lub p\u0142atnej przy odbiorze.<\/li>\n<li>W przypadku wybrania opcji paczkomat nale\u017cy w polu: Uwagi do zam\u00f3wienia poda\u0107 adres i numer paczkomatu.<\/li>\n<li>Produkty prezentowane na stronie maola.pl nie posiadaj\u0105 atestu do kontaktu z \u017cywno\u015bci\u0105 i wod\u0105 pitn\u0105.<\/li>\n<li>Produkty prezentowane na stronie maola.pl zawieraj\u0105 ma\u0142e elementy, kt\u00f3re mog\u0105 by\u0107 niebezpieczne dla dzieci w przypadku po\u0142kni\u0119cia lub zad\u0142awienia. Produkt\u00f3w nie nale\u017cy udost\u0119pnia\u0107 dzieciom do zabawy.<\/li>\n<li>Na koszty przesy\u0142ki sk\u0142adaj\u0105 si\u0119: koszty obs\u0142ugi realizacji zam\u00f3wienia, koszt przesy\u0142ki wed\u0142ug taryfy danego operatora oraz koszt pakowania.<\/li>\n<\/ol>\n<\/div>\n<\/div><\/div><\/div><\/div><\/div>","protected":false},"excerpt":{"rendered":"<p>Ofert\u0119 stanowi\u0105 wy\u0142\u0105cznie gotowe produkty prezentowane na stronie maola.pl. Nie jest prowadzona sprzeda\u017c element\u00f3w s\u0142u\u017c\u0105cych do wytworzenia lub naprawy produkt\u00f3w prezentowanych na stronie maola.pl. Na produkty prezentowane na stronie maola.pl udzielana jest sze\u015bciomiesi\u0119czna gwarancja. Uprawnienia gwarancyjne przys\u0142uguj\u0105 wy\u0142\u0105cznie na podstawie prawid\u0142owo wype\u0142nionego certyfikatu wydawanego wraz z produktem. Produkty prezentowane na stronie maola.pl s\u0105 wykonane z [&hellip;]<\/p>\n","protected":false},"author":1,"featured_media":0,"parent":0,"menu_order":0,"comment_status":"closed","ping_status":"closed","template":"page-templates\/narrow-width.php","meta":{"footnotes":""},"class_list":["post-2288","page","type-page","status-publish","hentry"],"yoast_head":"<!-- This site is optimized with the Yoast SEO plugin v24.8.1 - https:\/\/yoast.com\/wordpress\/plugins\/seo\/ -->\n<title>Regulations - MAOLA<\/title>\n<meta name=\"robots\" content=\"index, follow, max-snippet:-1, max-image-preview:large, max-video-preview:-1\" \/>\n<link rel=\"canonical\" href=\"https:\/\/maola.pl\/en\/regulations\/\" \/>\n<meta property=\"og:locale\" content=\"en_US\" \/>\n<meta property=\"og:type\" content=\"article\" \/>\n<meta property=\"og:title\" content=\"Regulations - MAOLA\" \/>\n<meta property=\"og:description\" content=\"Ofert\u0119 stanowi\u0105 wy\u0142\u0105cznie gotowe produkty prezentowane na stronie maola.pl. Nie jest prowadzona sprzeda\u017c element\u00f3w s\u0142u\u017c\u0105cych do wytworzenia lub naprawy produkt\u00f3w prezentowanych na stronie maola.pl. Na produkty prezentowane na stronie maola.pl udzielana jest sze\u015bciomiesi\u0119czna gwarancja. Uprawnienia gwarancyjne przys\u0142uguj\u0105 wy\u0142\u0105cznie na podstawie prawid\u0142owo wype\u0142nionego certyfikatu wydawanego wraz z produktem. Produkty prezentowane na stronie maola.pl s\u0105 wykonane z [&hellip;]\" \/>\n<meta property=\"og:url\" content=\"https:\/\/maola.pl\/en\/regulations\/\" \/>\n<meta property=\"og:site_name\" content=\"MAOLA\" \/>\n<meta property=\"article:modified_time\" content=\"2021-10-23T18:23:27+00:00\" \/>\n<meta name=\"twitter:card\" content=\"summary_large_image\" \/>\n<meta name=\"twitter:label1\" content=\"Est. reading time\" \/>\n\t<meta name=\"twitter:data1\" content=\"2 minutes\" \/>\n<script type=\"application\/ld+json\" class=\"yoast-schema-graph\">{\"@context\":\"https:\/\/schema.org\",\"@graph\":[{\"@type\":\"WebPage\",\"@id\":\"https:\/\/maola.pl\/en\/regulations\/\",\"url\":\"https:\/\/maola.pl\/en\/regulations\/\",\"name\":\"Regulations - MAOLA\",\"isPartOf\":{\"@id\":\"https:\/\/maola.pl\/#website\"},\"datePublished\":\"2018-09-05T19:01:41+00:00\",\"dateModified\":\"2021-10-23T18:23:27+00:00\",\"breadcrumb\":{\"@id\":\"https:\/\/maola.pl\/en\/regulations\/#breadcrumb\"},\"inLanguage\":\"en-US\",\"potentialAction\":[{\"@type\":\"ReadAction\",\"target\":[\"https:\/\/maola.pl\/en\/regulations\/\"]}]},{\"@type\":\"BreadcrumbList\",\"@id\":\"https:\/\/maola.pl\/en\/regulations\/#breadcrumb\",\"itemListElement\":[{\"@type\":\"ListItem\",\"position\":1,\"name\":\"Strona g\u0142\u00f3wna\",\"item\":\"https:\/\/maola.pl\/en\/\"},{\"@type\":\"ListItem\",\"position\":2,\"name\":\"Regulations\"}]},{\"@type\":\"WebSite\",\"@id\":\"https:\/\/maola.pl\/#website\",\"url\":\"https:\/\/maola.pl\/\",\"name\":\"MAOLA\",\"description\":\"Bi\u017cuteria MAOLA. Naszyjniki, Bransoletki, Breloczki. Z mi\u0142o\u015bci do surfingu i pasji do projektowania. Prostota, subtelno\u015b\u0107 i najlepszej jako\u015bci naturalne materia\u0142y.\",\"publisher\":{\"@id\":\"https:\/\/maola.pl\/#\/schema\/person\/a24d2c6a6acce1d67e6e4bdf25befdd8\"},\"potentialAction\":[{\"@type\":\"SearchAction\",\"target\":{\"@type\":\"EntryPoint\",\"urlTemplate\":\"https:\/\/maola.pl\/?s={search_term_string}\"},\"query-input\":{\"@type\":\"PropertyValueSpecification\",\"valueRequired\":true,\"valueName\":\"search_term_string\"}}],\"inLanguage\":\"en-US\"},{\"@type\":[\"Person\",\"Organization\"],\"@id\":\"https:\/\/maola.pl\/#\/schema\/person\/a24d2c6a6acce1d67e6e4bdf25befdd8\",\"name\":\"maola\",\"image\":{\"@type\":\"ImageObject\",\"inLanguage\":\"en-US\",\"@id\":\"https:\/\/maola.pl\/#\/schema\/person\/image\/\",\"url\":\"https:\/\/secure.gravatar.com\/avatar\/c3bf37973febfb7800712dcc28223c45?s=96&d=blank&r=g\",\"contentUrl\":\"https:\/\/secure.gravatar.com\/avatar\/c3bf37973febfb7800712dcc28223c45?s=96&d=blank&r=g\",\"caption\":\"maola\"},\"logo\":{\"@id\":\"https:\/\/maola.pl\/#\/schema\/person\/image\/\"}}]}<\/script>\n<!-- \/ Yoast SEO plugin. -->","yoast_head_json":{"title":"Regulations - MAOLA","robots":{"index":"index","follow":"follow","max-snippet":"max-snippet:-1","max-image-preview":"max-image-preview:large","max-video-preview":"max-video-preview:-1"},"canonical":"https:\/\/maola.pl\/en\/regulations\/","og_locale":"en_US","og_type":"article","og_title":"Regulations - MAOLA","og_description":"Ofert\u0119 stanowi\u0105 wy\u0142\u0105cznie gotowe produkty prezentowane na stronie maola.pl. Nie jest prowadzona sprzeda\u017c element\u00f3w s\u0142u\u017c\u0105cych do wytworzenia lub naprawy produkt\u00f3w prezentowanych na stronie maola.pl. Na produkty prezentowane na stronie maola.pl udzielana jest sze\u015bciomiesi\u0119czna gwarancja. Uprawnienia gwarancyjne przys\u0142uguj\u0105 wy\u0142\u0105cznie na podstawie prawid\u0142owo wype\u0142nionego certyfikatu wydawanego wraz z produktem. Produkty prezentowane na stronie maola.pl s\u0105 wykonane z [&hellip;]","og_url":"https:\/\/maola.pl\/en\/regulations\/","og_site_name":"MAOLA","article_modified_time":"2021-10-23T18:23:27+00:00","twitter_card":"summary_large_image","twitter_misc":{"Est. reading time":"2 minutes"},"schema":{"@context":"https:\/\/schema.org","@graph":[{"@type":"WebPage","@id":"https:\/\/maola.pl\/en\/regulations\/","url":"https:\/\/maola.pl\/en\/regulations\/","name":"Regulations - MAOLA","isPartOf":{"@id":"https:\/\/maola.pl\/#website"},"datePublished":"2018-09-05T19:01:41+00:00","dateModified":"2021-10-23T18:23:27+00:00","breadcrumb":{"@id":"https:\/\/maola.pl\/en\/regulations\/#breadcrumb"},"inLanguage":"en-US","potentialAction":[{"@type":"ReadAction","target":["https:\/\/maola.pl\/en\/regulations\/"]}]},{"@type":"BreadcrumbList","@id":"https:\/\/maola.pl\/en\/regulations\/#breadcrumb","itemListElement":[{"@type":"ListItem","position":1,"name":"Strona g\u0142\u00f3wna","item":"https:\/\/maola.pl\/en\/"},{"@type":"ListItem","position":2,"name":"Regulations"}]},{"@type":"WebSite","@id":"https:\/\/maola.pl\/#website","url":"https:\/\/maola.pl\/","name":"MAOLA","description":"Bi\u017cuteria MAOLA. Naszyjniki, Bransoletki, Breloczki. Z mi\u0142o\u015bci do surfingu i pasji do projektowania. Prostota, subtelno\u015b\u0107 i najlepszej jako\u015bci naturalne materia\u0142y.","publisher":{"@id":"https:\/\/maola.pl\/#\/schema\/person\/a24d2c6a6acce1d67e6e4bdf25befdd8"},"potentialAction":[{"@type":"SearchAction","target":{"@type":"EntryPoint","urlTemplate":"https:\/\/maola.pl\/?s={search_term_string}"},"query-input":{"@type":"PropertyValueSpecification","valueRequired":true,"valueName":"search_term_string"}}],"inLanguage":"en-US"},{"@type":["Person","Organization"],"@id":"https:\/\/maola.pl\/#\/schema\/person\/a24d2c6a6acce1d67e6e4bdf25befdd8","name":"maola","image":{"@type":"ImageObject","inLanguage":"en-US","@id":"https:\/\/maola.pl\/#\/schema\/person\/image\/","url":"https:\/\/secure.gravatar.com\/avatar\/c3bf37973febfb7800712dcc28223c45?s=96&d=blank&r=g","contentUrl":"https:\/\/secure.gravatar.com\/avatar\/c3bf37973febfb7800712dcc28223c45?s=96&d=blank&r=g","caption":"maola"},"logo":{"@id":"https:\/\/maola.pl\/#\/schema\/person\/image\/"}}]}},"jetpack_sharing_enabled":true,"_links":{"self":[{"href":"https:\/\/maola.pl\/en\/wp-json\/wp\/v2\/pages\/2288","targetHints":{"allow":["GET"]}}],"collection":[{"href":"https:\/\/maola.pl\/en\/wp-json\/wp\/v2\/pages"}],"about":[{"href":"https:\/\/maola.pl\/en\/wp-json\/wp\/v2\/types\/page"}],"author":[{"embeddable":true,"href":"https:\/\/maola.pl\/en\/wp-json\/wp\/v2\/users\/1"}],"replies":[{"embeddable":true,"href":"https:\/\/maola.pl\/en\/wp-json\/wp\/v2\/comments?post=2288"}],"version-history":[{"count":1,"href":"https:\/\/maola.pl\/en\/wp-json\/wp\/v2\/pages\/2288\/revisions"}],"predecessor-version":[{"id":2289,"href":"https:\/\/maola.pl\/en\/wp-json\/wp\/v2\/pages\/2288\/revisions\/2289"}],"wp:attachment":[{"href":"https:\/\/maola.pl\/en\/wp-json\/wp\/v2\/media?parent=2288"}],"curies":[{"name":"wp","href":"https:\/\/api.w.org\/{rel}","templated":true}]}}